{"id":7861,"date":"2022-06-14T22:07:18","date_gmt":"2022-06-14T20:07:18","guid":{"rendered":"https:\/\/hemplybalance.com\/no\/?post_type=product&#038;p=7861"},"modified":"2023-11-14T14:36:08","modified_gmt":"2023-11-14T12:36:08","slug":"complete-balance-the-day-oil-the-night","status":"publish","type":"product","link":"https:\/\/hemplybalance.com\/no\/complete-balance-the-day-oil-the-night\/","title":{"rendered":"Complete Balance &#8211; The Day Oil + The Night Oil 60ml 1800mg cannabinoids"},"content":{"rendered":"","protected":false},"excerpt":{"rendered":"<ul>\n<li><span style=\"vertical-align: inherit\"><span style=\"vertical-align: inherit\">Perfekt paket f\u00f6r total balans under dagen och natten<\/span><\/span><\/li>\n<li><span style=\"vertical-align: inherit\"><span style=\"vertical-align: inherit\">Totalt 1800mg CBD<\/span><\/span><\/li>\n<li><span style=\"vertical-align: inherit\"><span style=\"vertical-align: inherit\">Tillagda adaptogener och v\u00e4xtextrakt<\/span><\/span><\/li>\n<li><span style=\"vertical-align: inherit\"><span style=\"vertical-align: inherit\">Naturlig fr\u00e4sch smak av mynta och apelsin<\/span><\/span><\/li>\n<li><span style=\"vertical-align: inherit\"><span style=\"vertical-align: inherit\">Totalt 60ml som h\u00e5ller l\u00e4nge<\/span><\/span><\/li>\n<li><span style=\"vertical-align: inherit\"><span style=\"vertical-align: inherit\">Extra l\u00e4ttupptagen av kroppen<\/span><\/span><\/li>\n<li><span style=\"vertical-align: inherit\"><span style=\"vertical-align: inherit\">Helt THC-fri<\/span><\/span><\/li>\n<li><span style=\"vertical-align: inherit\"><span style=\"vertical-align: inherit\">Garanterat inneh\u00e5ll av CBD Brett utbud av cannabinoider och terpener<\/span><\/span><\/li>\n<li><span style=\"vertical-align: inherit\"><span style=\"vertical-align: inherit\">Vegansk, glutenfri och icke-GMO<\/span><\/span><\/li>\n<\/ul>\n","protected":false},"featured_media":8060,"comment_status":"open","ping_status":"closed","template":"","meta":[],"product_cat":[98,91],"product_tag":[],"class_list":{"0":"post-7861","1":"product","2":"type-product","3":"status-publish","4":"has-post-thumbnail","6":"product_cat-cbd-pakke","7":"product_cat-kosttilskudd","9":"first","10":"outofstock","11":"sale","12":"taxable","13":"shipping-taxable","14":"purchasable","15":"product-type-simple"},"acf":[],"yoast_head":"<!-- This site is optimized with the Yoast SEO plugin v27.4 - https:\/\/yoast.com\/product\/yoast-seo-wordpress\/ -->\n<title>Complete Balance - The Day Oil + The Night Oil 60ml 1800mg cannabinoids - Hemply Balance NO<\/title>\n<meta name=\"robots\" content=\"index, follow, max-snippet:-1, max-image-preview:large, max-video-preview:-1\" \/>\n<link rel=\"canonical\" href=\"https:\/\/hemplybalance.com\/no\/complete-balance-the-day-oil-the-night\/\" \/>\n<meta property=\"og:locale\" content=\"nb_NO\" \/>\n<meta property=\"og:type\" content=\"article\" \/>\n<meta property=\"og:title\" content=\"Complete Balance - The Day Oil + The Night Oil 60ml 1800mg cannabinoids - Hemply Balance NO\" \/>\n<meta property=\"og:description\" content=\"Perfekt paket f\u00f6r total balans under dagen och natten  Totalt 1800mg CBD  Tillagda adaptogener och v\u00e4xtextrakt  Naturlig fr\u00e4sch smak av mynta och apelsin  Totalt 60ml som h\u00e5ller l\u00e4nge  Extra l\u00e4ttupptagen av kroppen  Helt THC-fri  Garanterat inneh\u00e5ll av CBD Brett utbud av cannabinoider och terpener  Vegansk, glutenfri och icke-GMO\" \/>\n<meta property=\"og:url\" content=\"https:\/\/hemplybalance.com\/no\/complete-balance-the-day-oil-the-night\/\" \/>\n<meta property=\"og:site_name\" content=\"Hemply Balance NO\" \/>\n<meta property=\"article:modified_time\" content=\"2023-11-14T12:36:08+00:00\" \/>\n<meta property=\"og:image\" content=\"https:\/\/hemplybalance.com\/no\/wp-content\/uploads\/sites\/7\/2022\/12\/day-night-bundle.png\" \/>\n\t<meta property=\"og:image:width\" content=\"1400\" \/>\n\t<meta property=\"og:image:height\" content=\"1500\" \/>\n\t<meta property=\"og:image:type\" content=\"image\/png\" \/>\n<meta name=\"twitter:card\" content=\"summary_large_image\" \/>\n<script type=\"application\/ld+json\" class=\"yoast-schema-graph\">{\"@context\":\"https:\\\/\\\/schema.org\",\"@graph\":[{\"@type\":\"WebPage\",\"@id\":\"https:\\\/\\\/hemplybalance.com\\\/no\\\/complete-balance-the-day-oil-the-night\\\/\",\"url\":\"https:\\\/\\\/hemplybalance.com\\\/no\\\/complete-balance-the-day-oil-the-night\\\/\",\"name\":\"Complete Balance - The Day Oil + The Night Oil 60ml 1800mg cannabinoids - Hemply Balance NO\",\"isPartOf\":{\"@id\":\"https:\\\/\\\/hemplybalance.com\\\/no\\\/#website\"},\"primaryImageOfPage\":{\"@id\":\"https:\\\/\\\/hemplybalance.com\\\/no\\\/complete-balance-the-day-oil-the-night\\\/#primaryimage\"},\"image\":{\"@id\":\"https:\\\/\\\/hemplybalance.com\\\/no\\\/complete-balance-the-day-oil-the-night\\\/#primaryimage\"},\"thumbnailUrl\":\"https:\\\/\\\/hemplybalance.com\\\/no\\\/wp-content\\\/uploads\\\/sites\\\/7\\\/2022\\\/12\\\/day-night-bundle.png\",\"datePublished\":\"2022-06-14T20:07:18+00:00\",\"dateModified\":\"2023-11-14T12:36:08+00:00\",\"breadcrumb\":{\"@id\":\"https:\\\/\\\/hemplybalance.com\\\/no\\\/complete-balance-the-day-oil-the-night\\\/#breadcrumb\"},\"inLanguage\":\"nb-NO\",\"potentialAction\":[{\"@type\":\"ReadAction\",\"target\":[\"https:\\\/\\\/hemplybalance.com\\\/no\\\/complete-balance-the-day-oil-the-night\\\/\"]}]},{\"@type\":\"ImageObject\",\"inLanguage\":\"nb-NO\",\"@id\":\"https:\\\/\\\/hemplybalance.com\\\/no\\\/complete-balance-the-day-oil-the-night\\\/#primaryimage\",\"url\":\"https:\\\/\\\/hemplybalance.com\\\/no\\\/wp-content\\\/uploads\\\/sites\\\/7\\\/2022\\\/12\\\/day-night-bundle.png\",\"contentUrl\":\"https:\\\/\\\/hemplybalance.com\\\/no\\\/wp-content\\\/uploads\\\/sites\\\/7\\\/2022\\\/12\\\/day-night-bundle.png\",\"width\":1400,\"height\":1500},{\"@type\":\"BreadcrumbList\",\"@id\":\"https:\\\/\\\/hemplybalance.com\\\/no\\\/complete-balance-the-day-oil-the-night\\\/#breadcrumb\",\"itemListElement\":[{\"@type\":\"ListItem\",\"position\":1,\"name\":\"Produkter\",\"item\":\"https:\\\/\\\/hemplybalance.com\\\/no\\\/produkter\\\/\"},{\"@type\":\"ListItem\",\"position\":2,\"name\":\"Complete Balance &#8211; The Day Oil + The Night Oil 60ml 1800mg cannabinoids\"}]},{\"@type\":\"WebSite\",\"@id\":\"https:\\\/\\\/hemplybalance.com\\\/no\\\/#website\",\"url\":\"https:\\\/\\\/hemplybalance.com\\\/no\\\/\",\"name\":\"Hemply Balance NO\",\"description\":\"The missing ingredient\",\"potentialAction\":[{\"@type\":\"SearchAction\",\"target\":{\"@type\":\"EntryPoint\",\"urlTemplate\":\"https:\\\/\\\/hemplybalance.com\\\/no\\\/?s={search_term_string}\"},\"query-input\":{\"@type\":\"PropertyValueSpecification\",\"valueRequired\":true,\"valueName\":\"search_term_string\"}}],\"inLanguage\":\"nb-NO\"}]}<\/script>\n<!-- \/ Yoast SEO plugin. -->","yoast_head_json":{"title":"Complete Balance - The Day Oil + The Night Oil 60ml 1800mg cannabinoids - Hemply Balance NO","robots":{"index":"index","follow":"follow","max-snippet":"max-snippet:-1","max-image-preview":"max-image-preview:large","max-video-preview":"max-video-preview:-1"},"canonical":"https:\/\/hemplybalance.com\/no\/complete-balance-the-day-oil-the-night\/","og_locale":"nb_NO","og_type":"article","og_title":"Complete Balance - The Day Oil + The Night Oil 60ml 1800mg cannabinoids - Hemply Balance NO","og_description":"Perfekt paket f\u00f6r total balans under dagen och natten  Totalt 1800mg CBD  Tillagda adaptogener och v\u00e4xtextrakt  Naturlig fr\u00e4sch smak av mynta och apelsin  Totalt 60ml som h\u00e5ller l\u00e4nge  Extra l\u00e4ttupptagen av kroppen  Helt THC-fri  Garanterat inneh\u00e5ll av CBD Brett utbud av cannabinoider och terpener  Vegansk, glutenfri och icke-GMO","og_url":"https:\/\/hemplybalance.com\/no\/complete-balance-the-day-oil-the-night\/","og_site_name":"Hemply Balance NO","article_modified_time":"2023-11-14T12:36:08+00:00","og_image":[{"width":1400,"height":1500,"url":"https:\/\/hemplybalance.com\/no\/wp-content\/uploads\/sites\/7\/2022\/12\/day-night-bundle.png","type":"image\/png"}],"twitter_card":"summary_large_image","schema":{"@context":"https:\/\/schema.org","@graph":[{"@type":"WebPage","@id":"https:\/\/hemplybalance.com\/no\/complete-balance-the-day-oil-the-night\/","url":"https:\/\/hemplybalance.com\/no\/complete-balance-the-day-oil-the-night\/","name":"Complete Balance - The Day Oil + The Night Oil 60ml 1800mg cannabinoids - Hemply Balance NO","isPartOf":{"@id":"https:\/\/hemplybalance.com\/no\/#website"},"primaryImageOfPage":{"@id":"https:\/\/hemplybalance.com\/no\/complete-balance-the-day-oil-the-night\/#primaryimage"},"image":{"@id":"https:\/\/hemplybalance.com\/no\/complete-balance-the-day-oil-the-night\/#primaryimage"},"thumbnailUrl":"https:\/\/hemplybalance.com\/no\/wp-content\/uploads\/sites\/7\/2022\/12\/day-night-bundle.png","datePublished":"2022-06-14T20:07:18+00:00","dateModified":"2023-11-14T12:36:08+00:00","breadcrumb":{"@id":"https:\/\/hemplybalance.com\/no\/complete-balance-the-day-oil-the-night\/#breadcrumb"},"inLanguage":"nb-NO","potentialAction":[{"@type":"ReadAction","target":["https:\/\/hemplybalance.com\/no\/complete-balance-the-day-oil-the-night\/"]}]},{"@type":"ImageObject","inLanguage":"nb-NO","@id":"https:\/\/hemplybalance.com\/no\/complete-balance-the-day-oil-the-night\/#primaryimage","url":"https:\/\/hemplybalance.com\/no\/wp-content\/uploads\/sites\/7\/2022\/12\/day-night-bundle.png","contentUrl":"https:\/\/hemplybalance.com\/no\/wp-content\/uploads\/sites\/7\/2022\/12\/day-night-bundle.png","width":1400,"height":1500},{"@type":"BreadcrumbList","@id":"https:\/\/hemplybalance.com\/no\/complete-balance-the-day-oil-the-night\/#breadcrumb","itemListElement":[{"@type":"ListItem","position":1,"name":"Produkter","item":"https:\/\/hemplybalance.com\/no\/produkter\/"},{"@type":"ListItem","position":2,"name":"Complete Balance &#8211; The Day Oil + The Night Oil 60ml 1800mg cannabinoids"}]},{"@type":"WebSite","@id":"https:\/\/hemplybalance.com\/no\/#website","url":"https:\/\/hemplybalance.com\/no\/","name":"Hemply Balance NO","description":"The missing ingredient","potentialAction":[{"@type":"SearchAction","target":{"@type":"EntryPoint","urlTemplate":"https:\/\/hemplybalance.com\/no\/?s={search_term_string}"},"query-input":{"@type":"PropertyValueSpecification","valueRequired":true,"valueName":"search_term_string"}}],"inLanguage":"nb-NO"}]}},"_links":{"self":[{"href":"https:\/\/hemplybalance.com\/no\/wp-json\/wp\/v2\/product\/7861","targetHints":{"allow":["GET"]}}],"collection":[{"href":"https:\/\/hemplybalance.com\/no\/wp-json\/wp\/v2\/product"}],"about":[{"href":"https:\/\/hemplybalance.com\/no\/wp-json\/wp\/v2\/types\/product"}],"replies":[{"embeddable":true,"href":"https:\/\/hemplybalance.com\/no\/wp-json\/wp\/v2\/comments?post=7861"}],"wp:featuredmedia":[{"embeddable":true,"href":"https:\/\/hemplybalance.com\/no\/wp-json\/wp\/v2\/media\/8060"}],"wp:attachment":[{"href":"https:\/\/hemplybalance.com\/no\/wp-json\/wp\/v2\/media?parent=7861"}],"wp:term":[{"taxonomy":"product_cat","embeddable":true,"href":"https:\/\/hemplybalance.com\/no\/wp-json\/wp\/v2\/product_cat?post=7861"},{"taxonomy":"product_tag","embeddable":true,"href":"https:\/\/hemplybalance.com\/no\/wp-json\/wp\/v2\/product_tag?post=7861"}],"curies":[{"name":"wp","href":"https:\/\/api.w.org\/{rel}","templated":true}]}}