{"id":7755,"date":"2022-05-10T18:13:44","date_gmt":"2022-05-10T16:13:44","guid":{"rendered":"https:\/\/hemplybalance.com\/no\/?post_type=product&#038;p=7755"},"modified":"2023-11-14T15:53:17","modified_gmt":"2023-11-14T13:53:17","slug":"cloud-free-capsules-for-fatigue-and-mental-clouds","status":"publish","type":"product","link":"https:\/\/hemplybalance.com\/no\/cloud-free-capsules-for-fatigue-and-mental-clouds\/","title":{"rendered":"Cloud Free &#8211; Capsules for fatigue and mental clouds"},"content":{"rendered":"<div class=\"fusion-fullwidth fullwidth-box fusion-builder-row-1 fusion-flex-container nonhundred-percent-fullwidth non-hundred-percent-height-scrolling\" style=\"background-color: #ffffff;background-position: center center;background-repeat: no-repeat;border-width: 0px 0px 0px 0px;border-color:#eae9e9;border-style:solid;\" ><div class=\"fusion-builder-row fusion-row fusion-flex-align-items-flex-start\" style=\"max-width:1248px;margin-left: calc(-4% \/ 2 );margin-right: calc(-4% \/ 2 );\"><div class=\"fusion-layout-column fusion_builder_column fusion-builder-column-0 fusion_builder_column_1_2 1_2 fusion-flex-column\"><div class=\"fusion-column-wrapper fusion-flex-justify-content-flex-start fusion-content-layout-column\" style=\"background-position:left top;background-repeat:no-repeat;-webkit-background-size:cover;-moz-background-size:cover;-o-background-size:cover;background-size:cover;padding: 0px 0px 0px 0px;\"><style type=\"text\/css\">@media only screen and (max-width:1024px) {.fusion-title.fusion-title-1{margin-top:20px!important; margin-right:0px!important;margin-bottom:20px!important;margin-left:0px!important;}}@media only screen and (max-width:640px) {.fusion-title.fusion-title-1{margin-top:20px!important; margin-right:0px!important;margin-bottom:20px!important; margin-left:0px!important;}}<\/style><div class=\"fusion-title title fusion-title-1 fusion-sep-none fusion-title-text fusion-title-size-two\" style=\"margin-top:20px;margin-right:0px;margin-bottom:20px;margin-left:0px;\"><h2 class=\"title-heading-left fusion-responsive-typography-calculated\" style=\"margin:0;--fontSize:44.8;line-height:1.3;\">FAQ<\/h2><\/div><style type=\"text\/css\">.fusion-faqs-wrapper #accordian-1 .fusion-panel { border-color:var(--awb-color3); }.fusion-faqs-wrapper #accordian-1 .fusion-panel:hover{ border-color: var(--awb-color3); }.fusion-accordian #accordian-1 .panel-title a .fa-fusion-box:before{ font-size: 20px;}.fusion-accordian #accordian-1 .panel-title a .fa-fusion-box{ color: #000000;}.fusion-accordian #accordian-1.fusion-toggle-icon-right .fusion-toggle-heading{ margin-right: 38px;}.fusion-accordian  #accordian-1 .panel-title a{color:#ff9806;font-family:var(--awb-typography1-font-family);font-weight:var(--awb-typography1-font-weight);font-style:var(--awb-typography1-font-style);}.fusion-accordian  #accordian-1 .toggle-content{color:#000000;font-family:var(--awb-typography4-font-family);font-weight:var(--awb-typography4-font-weight);font-style:var(--awb-typography4-font-style);}.fusion-accordian #accordian-1 .panel-title a:hover,.fusion-accordian #accordian-1 .panel-title a.hover { color: #000000;}.fusion-faq-shortcode .fusion-accordian #accordian-1 .fusion-toggle-boxed-mode:hover .panel-title a { color: #000000;}.fusion-accordian #accordian-1.fusion-toggle-icon-unboxed .panel-title a:hover .fa-fusion-box,.fusion-accordian #accordian-1.fusion-toggle-icon-unboxed .panel-title a.hover .fa-fusion-box { color: #000000; }<\/style><div class=\"fusion-faq-shortcode product-faq\"><div class=\"fusion-faqs-wrapper\"><div class=\"accordian fusion-accordian\"><div class=\"panel-group  fusion-toggle-icon-right fusion-toggle-icon-unboxed\" id=\"accordian-1\"><div class=\"fusion-panel panel-default fusion-faq-post fusion-faq-post-7795 adaptogen-trio cloud-free just-breathe night-train \"><span class=\"entry-title rich-snippet-hidden\">Hva er adaptogener?<\/span><span class=\"updated rich-snippet-hidden\">2022-05-26T10:45:22+02:00<\/span><div class=\"panel-heading\"><h4 class=\"panel-title toggle\"><a data-toggle=\"collapse\" class=\"collapsed\" data-parent=\"#accordian-1\" data-target=\"#collapse-1-7795\" href=\"#collapse-1-7795\"><div class=\"fusion-toggle-icon-wrapper\"><div class=\"fusion-toggle-icon-wrapper-main\"><div class=\"fusion-toggle-icon-wrapper-sub\"><i class=\"fa-fusion-box active-icon awb-icon-minus\" aria-hidden=\"true\"><\/i><i class=\"fa-fusion-box inactive-icon awb-icon-plus\" aria-hidden=\"true\"><\/i><\/div><\/div><\/div><div class=\"fusion-toggle-heading\">Hva er adaptogener?<\/div><\/a><\/h4><\/div><div id=\"collapse-1-7795\" class=\"panel-collapse collapse\"><div class=\"panel-body toggle-content post-content\"><p>Adaptogener er planter, urter og sopp som p\u00e5virker cellenes evne til \u00e5 tilpasse seg stress og ytre p\u00e5kjenninger som vi m\u00f8ter i livet. Noen adaptogener kan p\u00e5virke hvor mye av kamp-eller-flukthormonet kortisol som frigj\u00f8res, noe som kan bidra til \u00e5 h\u00e5ndtere stress bedre. Andre adaptogener kan for eksempel hjelpe cellene til \u00e5 produsere mer nevropeptid Y, som spiller en stor rolle i \u00e5 regulere hum\u00f8r og appetitt, og dermed hjelpe kroppens egen evne til \u00e5 tilpasse seg fysiske stressfaktorer som trening.<\/p>\n<\/div><\/div><\/div><div class=\"fusion-panel panel-default fusion-faq-post fusion-faq-post-7797 adaptogen-trio cloud-free just-breathe night-train \"><span class=\"entry-title rich-snippet-hidden\">Hvorfor bruke adaptogener?<\/span><span class=\"updated rich-snippet-hidden\">2022-05-26T10:45:18+02:00<\/span><div class=\"panel-heading\"><h4 class=\"panel-title toggle\"><a data-toggle=\"collapse\" class=\"collapsed\" data-parent=\"#accordian-1\" data-target=\"#collapse-1-7797\" href=\"#collapse-1-7797\"><div class=\"fusion-toggle-icon-wrapper\"><div class=\"fusion-toggle-icon-wrapper-main\"><div class=\"fusion-toggle-icon-wrapper-sub\"><i class=\"fa-fusion-box active-icon awb-icon-minus\" aria-hidden=\"true\"><\/i><i class=\"fa-fusion-box inactive-icon awb-icon-plus\" aria-hidden=\"true\"><\/i><\/div><\/div><\/div><div class=\"fusion-toggle-heading\">Hvorfor bruke adaptogener?<\/div><\/a><\/h4><\/div><div id=\"collapse-1-7797\" class=\"panel-collapse collapse\"><div class=\"panel-body toggle-content post-content\"><p>Balanse er det viktigste aspektet for \u00e5 kunne leve et optimalt liv og kommer ikke fra \u00e9n ting eller del av livet, men er et komplekst konsept der kosthold, trening, s\u00f8vn, pust, mindre skjermtid er noen av de f\u00e5 delene som alle m\u00e5 kontrolleres for optimal balanse. Fra tid til annen kan balanse f\u00f8les uendelig langt unna i hvordan dagens samfunn ser ut der stress n\u00e5 er en konstant faktor, som negativt p\u00e5virker v\u00e5r v\u00e5kne tilstand, s\u00e5 vel som s\u00f8vnen v\u00e5r. Det er frister, henting av barn, m\u00f8te partnere, karriere, samv\u00e6r med venner, \u00f8konomi, trening, fritid. Mye, hele tiden. Balanse er derfor ikke alltid s\u00e5 lett \u00e5 opprettholde, eller oppn\u00e5 og det er her blant annet adaptogener kommer inn i bildet; Den manglende ingrediensen med andre ord.<\/p>\n<\/div><\/div><\/div><div class=\"fusion-panel panel-default fusion-faq-post fusion-faq-post-7799 cloud-free \"><span class=\"entry-title rich-snippet-hidden\">N\u00e5r b\u00f8r jeg bruke Cloud Free?<\/span><span class=\"updated rich-snippet-hidden\">2022-05-21T11:29:43+02:00<\/span><div class=\"panel-heading\"><h4 class=\"panel-title toggle\"><a data-toggle=\"collapse\" class=\"collapsed\" data-parent=\"#accordian-1\" data-target=\"#collapse-1-7799\" href=\"#collapse-1-7799\"><div class=\"fusion-toggle-icon-wrapper\"><div class=\"fusion-toggle-icon-wrapper-main\"><div class=\"fusion-toggle-icon-wrapper-sub\"><i class=\"fa-fusion-box active-icon awb-icon-minus\" aria-hidden=\"true\"><\/i><i class=\"fa-fusion-box inactive-icon awb-icon-plus\" aria-hidden=\"true\"><\/i><\/div><\/div><\/div><div class=\"fusion-toggle-heading\">N\u00e5r b\u00f8r jeg bruke Cloud Free?<\/div><\/a><\/h4><\/div><div id=\"collapse-1-7799\" class=\"panel-collapse collapse\"><div class=\"panel-body toggle-content post-content\"><p>Cloud Free inneholder adaptogene planteekstrakter som vi har spesielt formulert for \u00e5 gi en ekstra energiboost i l\u00f8pet av dagen. Derfor anbefaler vi at du bruker Cloud Free om morgenen eller tidlig morgen, og ikke p\u00e5 ettermiddagen\/kvelden, som ellers kan gj\u00f8re det litt vanskeligere \u00e5 sovne.<\/p>\n<\/div><\/div><\/div><div class=\"fusion-panel panel-default fusion-faq-post fusion-faq-post-7801 adaptogen-trio cloud-free just-breathe night-train \"><span class=\"entry-title rich-snippet-hidden\">Kan jeg kombinere Cloud Free med Just Breathe og Night train?<\/span><span class=\"updated rich-snippet-hidden\">2022-05-26T10:45:12+02:00<\/span><div class=\"panel-heading\"><h4 class=\"panel-title toggle\"><a data-toggle=\"collapse\" class=\"collapsed\" data-parent=\"#accordian-1\" data-target=\"#collapse-1-7801\" href=\"#collapse-1-7801\"><div class=\"fusion-toggle-icon-wrapper\"><div class=\"fusion-toggle-icon-wrapper-main\"><div class=\"fusion-toggle-icon-wrapper-sub\"><i class=\"fa-fusion-box active-icon awb-icon-minus\" aria-hidden=\"true\"><\/i><i class=\"fa-fusion-box inactive-icon awb-icon-plus\" aria-hidden=\"true\"><\/i><\/div><\/div><\/div><div class=\"fusion-toggle-heading\">Kan jeg kombinere Cloud Free med Just Breathe og Night train?<\/div><\/a><\/h4><\/div><div id=\"collapse-1-7801\" class=\"panel-collapse collapse\"><div class=\"panel-body toggle-content post-content\"><p>Selvf\u00f8lgelig! Vi anbefaler at du bruker alle tre produktene for best effekt.<\/p>\n<\/div><\/div><\/div><div class=\"fusion-panel panel-default fusion-faq-post fusion-faq-post-7803 cloud-free \"><span class=\"entry-title rich-snippet-hidden\">Kan jeg bruke CBD i kombinasjon med Cloud Free?<\/span><span class=\"updated rich-snippet-hidden\">2022-05-21T11:30:29+02:00<\/span><div class=\"panel-heading\"><h4 class=\"panel-title toggle\"><a data-toggle=\"collapse\" class=\"collapsed\" data-parent=\"#accordian-1\" data-target=\"#collapse-1-7803\" href=\"#collapse-1-7803\"><div class=\"fusion-toggle-icon-wrapper\"><div class=\"fusion-toggle-icon-wrapper-main\"><div class=\"fusion-toggle-icon-wrapper-sub\"><i class=\"fa-fusion-box active-icon awb-icon-minus\" aria-hidden=\"true\"><\/i><i class=\"fa-fusion-box inactive-icon awb-icon-plus\" aria-hidden=\"true\"><\/i><\/div><\/div><\/div><div class=\"fusion-toggle-heading\">Kan jeg bruke CBD i kombinasjon med Cloud Free?<\/div><\/a><\/h4><\/div><div id=\"collapse-1-7803\" class=\"panel-collapse collapse\"><div class=\"panel-body toggle-content post-content\"><p>Absolutt. Det g\u00e5r helt fint.<\/p>\n<\/div><\/div><\/div><div class=\"fusion-panel panel-default fusion-faq-post fusion-faq-post-7805 adaptogen-trio cloud-free just-breathe night-train \"><span class=\"entry-title rich-snippet-hidden\">Er adaptogener farlige?<\/span><span class=\"updated rich-snippet-hidden\">2022-05-26T10:44:39+02:00<\/span><div class=\"panel-heading\"><h4 class=\"panel-title toggle\"><a data-toggle=\"collapse\" class=\"collapsed\" data-parent=\"#accordian-1\" data-target=\"#collapse-1-7805\" href=\"#collapse-1-7805\"><div class=\"fusion-toggle-icon-wrapper\"><div class=\"fusion-toggle-icon-wrapper-main\"><div class=\"fusion-toggle-icon-wrapper-sub\"><i class=\"fa-fusion-box active-icon awb-icon-minus\" aria-hidden=\"true\"><\/i><i class=\"fa-fusion-box inactive-icon awb-icon-plus\" aria-hidden=\"true\"><\/i><\/div><\/div><\/div><div class=\"fusion-toggle-heading\">Er adaptogener farlige?<\/div><\/a><\/h4><\/div><div id=\"collapse-1-7805\" class=\"panel-collapse collapse\"><div class=\"panel-body toggle-content post-content\"><p>Nei, adaptogener er ikke farlige.<\/p>\n<\/div><\/div><\/div><div class=\"fusion-panel panel-default fusion-faq-post fusion-faq-post-7807 adaptogen-trio cloud-free just-breathe night-train \"><span class=\"entry-title rich-snippet-hidden\">Hvor lenge varer en flaske?<\/span><span class=\"updated rich-snippet-hidden\">2022-05-26T10:44:34+02:00<\/span><div class=\"panel-heading\"><h4 class=\"panel-title toggle\"><a data-toggle=\"collapse\" class=\"collapsed\" data-parent=\"#accordian-1\" data-target=\"#collapse-1-7807\" href=\"#collapse-1-7807\"><div class=\"fusion-toggle-icon-wrapper\"><div class=\"fusion-toggle-icon-wrapper-main\"><div class=\"fusion-toggle-icon-wrapper-sub\"><i class=\"fa-fusion-box active-icon awb-icon-minus\" aria-hidden=\"true\"><\/i><i class=\"fa-fusion-box inactive-icon awb-icon-plus\" aria-hidden=\"true\"><\/i><\/div><\/div><\/div><div class=\"fusion-toggle-heading\">Hvor lenge varer en flaske?<\/div><\/a><\/h4><\/div><div id=\"collapse-1-7807\" class=\"panel-collapse collapse\"><div class=\"panel-body toggle-content post-content\"><p>Den anbefalte dosen er to kapsler per dag og hver krukke inneholder 60 kapsler. S\u00e5 hver krukke varer i 30 dager for daglig bruk. Hvis du \u00f8nsker \u00e5 bruke \u00e9n kapsel per dag, holder glasset i 60 dager.<\/p>\n<\/div><\/div><\/div><\/div><\/div><\/div><\/div><\/div><style type=\"text\/css\">.fusion-body .fusion-builder-column-0{width:50% !important;margin-top : 20px;margin-bottom : 20px;}.fusion-builder-column-0 > .fusion-column-wrapper {padding-top : 0px !important;padding-right : 0px !important;margin-right : 3.84%;padding-bottom : 0px !important;padding-left : 0px !important;margin-left : 3.84%;}@media only screen and (max-width:1024px) {.fusion-body .fusion-builder-column-0{width:100% !important;order : 0;}.fusion-builder-column-0 > .fusion-column-wrapper {margin-right : 1.92%;margin-left : 1.92%;}}@media only screen and (max-width:640px) {.fusion-body .fusion-builder-column-0{width:100% !important;order : 0;}.fusion-builder-column-0 > .fusion-column-wrapper {margin-right : 1.92%;margin-left : 1.92%;}}<\/style><\/div><div class=\"fusion-layout-column fusion_builder_column fusion-builder-column-1 fusion_builder_column_1_2 1_2 fusion-flex-column fusion-flex-align-self-center\"><div class=\"fusion-column-wrapper lazyload fusion-flex-justify-content-center fusion-content-layout-column fusion-empty-column-bg-image\" style=\"background-position:center center;background-repeat:no-repeat;-webkit-background-size:cover;-moz-background-size:cover;-o-background-size:cover;background-size:cover;padding: 0px 0px 0px 0px;\" data-bg-url=\"https:\/\/hemplybalance.com\/no\/wp-content\/uploads\/sites\/7\/2022\/05\/adaptogener-trio-800x450.png\" data-bg=\"https:\/\/hemplybalance.com\/no\/wp-content\/uploads\/sites\/7\/2022\/05\/adaptogener-trio-800x450.png\"><img decoding=\"async\" class=\"fusion-empty-dims-img-placeholder\" src=\"data:image\/svg+xml,%3Csvg%20xmlns%3D%27http%3A%2F%2Fwww.w3.org%2F2000%2Fsvg%27%20width%3D%27800%27%20height%3D%27450%27%20viewBox%3D%270%200%20800%20450%27%3E%3Crect%20width%3D%27800%27%20height%3D%27450%27%20fill-opacity%3D%220%22%2F%3E%3C%2Fsvg%3E\"><\/div><style type=\"text\/css\">.fusion-body .fusion-builder-column-1{width:50% !important;margin-top : 20px;margin-bottom : 20px;}.fusion-builder-column-1 > .fusion-column-wrapper {padding-top : 0px !important;padding-right : 0px !important;margin-right : 3.84%;padding-bottom : 0px !important;padding-left : 0px !important;margin-left : 3.84%;}@media only screen and (max-width:1024px) {.fusion-body .fusion-builder-column-1{width:100% !important;order : 0;}.fusion-builder-column-1 > .fusion-column-wrapper {margin-right : 1.92%;margin-left : 1.92%;}}@media only screen and (max-width:640px) {.fusion-body .fusion-builder-column-1{width:100% !important;order : 0;}.fusion-builder-column-1 > .fusion-column-wrapper {margin-right : 1.92%;margin-left : 1.92%;}}<\/style><\/div><\/div><style type=\"text\/css\">.fusion-body .fusion-flex-container.fusion-builder-row-1{ padding-top : 0px;margin-top : 40px;padding-right : 0px;padding-bottom : 0px;margin-bottom : 40px;padding-left : 0px;}<\/style><\/div>\n","protected":false},"excerpt":{"rendered":"<ul>\n<li>Dietary supplements for fatigue and stress<\/li>\n<li>Contributes to mental balance<\/li>\n<li>Completely natural<\/li>\n<li>Easy to dose<\/li>\n<li>Contains 7 well-combined adaptogens<\/li>\n<li>30 days use<\/li>\n<li>Completely vegan<\/li>\n<\/ul>\n","protected":false},"featured_media":8030,"comment_status":"open","ping_status":"closed","template":"","meta":[],"product_cat":[108,91],"product_tag":[],"class_list":{"0":"post-7755","1":"product","2":"type-product","3":"status-publish","4":"has-post-thumbnail","6":"product_cat-adaptogener","7":"product_cat-kosttilskudd","9":"first","10":"outofstock","11":"sale","12":"taxable","13":"shipping-taxable","14":"purchasable","15":"product-type-simple"},"acf":[],"yoast_head":"<!-- This site is optimized with the Yoast SEO plugin v27.3 - https:\/\/yoast.com\/product\/yoast-seo-wordpress\/ -->\n<title>Cloud Free - Capsules for fatigue and mental clouds - Hemply Balance NO<\/title>\n<meta name=\"robots\" content=\"index, follow, max-snippet:-1, max-image-preview:large, max-video-preview:-1\" \/>\n<link rel=\"canonical\" href=\"https:\/\/hemplybalance.com\/no\/cloud-free-capsules-for-fatigue-and-mental-clouds\/\" \/>\n<meta property=\"og:locale\" content=\"nb_NO\" \/>\n<meta property=\"og:type\" content=\"article\" \/>\n<meta property=\"og:title\" content=\"Cloud Free - Capsules for fatigue and mental clouds - Hemply Balance NO\" \/>\n<meta property=\"og:description\" content=\"Dietary supplements for fatigue and stress  Contributes to mental balance  Completely natural  Easy to dose  Contains 7 well-combined adaptogens  30 days use  Completely vegan\" \/>\n<meta property=\"og:url\" content=\"https:\/\/hemplybalance.com\/no\/cloud-free-capsules-for-fatigue-and-mental-clouds\/\" \/>\n<meta property=\"og:site_name\" content=\"Hemply Balance NO\" \/>\n<meta property=\"article:modified_time\" content=\"2023-11-14T13:53:17+00:00\" \/>\n<meta property=\"og:image\" content=\"https:\/\/hemplybalance.com\/no\/wp-content\/uploads\/sites\/7\/2022\/12\/Cloud-Free-1.png\" \/>\n\t<meta property=\"og:image:width\" content=\"1400\" \/>\n\t<meta property=\"og:image:height\" content=\"1500\" \/>\n\t<meta property=\"og:image:type\" content=\"image\/png\" \/>\n<meta name=\"twitter:card\" content=\"summary_large_image\" \/>\n<meta name=\"twitter:label1\" content=\"Ansl. lesetid\" \/>\n\t<meta name=\"twitter:data1\" content=\"3 minutter\" \/>\n<script type=\"application\/ld+json\" class=\"yoast-schema-graph\">{\"@context\":\"https:\\\/\\\/schema.org\",\"@graph\":[{\"@type\":\"WebPage\",\"@id\":\"https:\\\/\\\/hemplybalance.com\\\/no\\\/cloud-free-capsules-for-fatigue-and-mental-clouds\\\/\",\"url\":\"https:\\\/\\\/hemplybalance.com\\\/no\\\/cloud-free-capsules-for-fatigue-and-mental-clouds\\\/\",\"name\":\"Cloud Free - Capsules for fatigue and mental clouds - Hemply Balance NO\",\"isPartOf\":{\"@id\":\"https:\\\/\\\/hemplybalance.com\\\/no\\\/#website\"},\"primaryImageOfPage\":{\"@id\":\"https:\\\/\\\/hemplybalance.com\\\/no\\\/cloud-free-capsules-for-fatigue-and-mental-clouds\\\/#primaryimage\"},\"image\":{\"@id\":\"https:\\\/\\\/hemplybalance.com\\\/no\\\/cloud-free-capsules-for-fatigue-and-mental-clouds\\\/#primaryimage\"},\"thumbnailUrl\":\"https:\\\/\\\/hemplybalance.com\\\/no\\\/wp-content\\\/uploads\\\/sites\\\/7\\\/2022\\\/12\\\/Cloud-Free-1.png\",\"datePublished\":\"2022-05-10T16:13:44+00:00\",\"dateModified\":\"2023-11-14T13:53:17+00:00\",\"breadcrumb\":{\"@id\":\"https:\\\/\\\/hemplybalance.com\\\/no\\\/cloud-free-capsules-for-fatigue-and-mental-clouds\\\/#breadcrumb\"},\"inLanguage\":\"nb-NO\",\"potentialAction\":[{\"@type\":\"ReadAction\",\"target\":[\"https:\\\/\\\/hemplybalance.com\\\/no\\\/cloud-free-capsules-for-fatigue-and-mental-clouds\\\/\"]}]},{\"@type\":\"ImageObject\",\"inLanguage\":\"nb-NO\",\"@id\":\"https:\\\/\\\/hemplybalance.com\\\/no\\\/cloud-free-capsules-for-fatigue-and-mental-clouds\\\/#primaryimage\",\"url\":\"https:\\\/\\\/hemplybalance.com\\\/no\\\/wp-content\\\/uploads\\\/sites\\\/7\\\/2022\\\/12\\\/Cloud-Free-1.png\",\"contentUrl\":\"https:\\\/\\\/hemplybalance.com\\\/no\\\/wp-content\\\/uploads\\\/sites\\\/7\\\/2022\\\/12\\\/Cloud-Free-1.png\",\"width\":1400,\"height\":1500},{\"@type\":\"BreadcrumbList\",\"@id\":\"https:\\\/\\\/hemplybalance.com\\\/no\\\/cloud-free-capsules-for-fatigue-and-mental-clouds\\\/#breadcrumb\",\"itemListElement\":[{\"@type\":\"ListItem\",\"position\":1,\"name\":\"Produkter\",\"item\":\"https:\\\/\\\/hemplybalance.com\\\/no\\\/produkter\\\/\"},{\"@type\":\"ListItem\",\"position\":2,\"name\":\"Cloud Free &#8211; Capsules for fatigue and mental clouds\"}]},{\"@type\":\"WebSite\",\"@id\":\"https:\\\/\\\/hemplybalance.com\\\/no\\\/#website\",\"url\":\"https:\\\/\\\/hemplybalance.com\\\/no\\\/\",\"name\":\"Hemply Balance NO\",\"description\":\"The missing ingredient\",\"potentialAction\":[{\"@type\":\"SearchAction\",\"target\":{\"@type\":\"EntryPoint\",\"urlTemplate\":\"https:\\\/\\\/hemplybalance.com\\\/no\\\/?s={search_term_string}\"},\"query-input\":{\"@type\":\"PropertyValueSpecification\",\"valueRequired\":true,\"valueName\":\"search_term_string\"}}],\"inLanguage\":\"nb-NO\"}]}<\/script>\n<!-- \/ Yoast SEO plugin. -->","yoast_head_json":{"title":"Cloud Free - Capsules for fatigue and mental clouds - Hemply Balance NO","robots":{"index":"index","follow":"follow","max-snippet":"max-snippet:-1","max-image-preview":"max-image-preview:large","max-video-preview":"max-video-preview:-1"},"canonical":"https:\/\/hemplybalance.com\/no\/cloud-free-capsules-for-fatigue-and-mental-clouds\/","og_locale":"nb_NO","og_type":"article","og_title":"Cloud Free - Capsules for fatigue and mental clouds - Hemply Balance NO","og_description":"Dietary supplements for fatigue and stress  Contributes to mental balance  Completely natural  Easy to dose  Contains 7 well-combined adaptogens  30 days use  Completely vegan","og_url":"https:\/\/hemplybalance.com\/no\/cloud-free-capsules-for-fatigue-and-mental-clouds\/","og_site_name":"Hemply Balance NO","article_modified_time":"2023-11-14T13:53:17+00:00","og_image":[{"width":1400,"height":1500,"url":"https:\/\/hemplybalance.com\/no\/wp-content\/uploads\/sites\/7\/2022\/12\/Cloud-Free-1.png","type":"image\/png"}],"twitter_card":"summary_large_image","twitter_misc":{"Ansl. lesetid":"3 minutter"},"schema":{"@context":"https:\/\/schema.org","@graph":[{"@type":"WebPage","@id":"https:\/\/hemplybalance.com\/no\/cloud-free-capsules-for-fatigue-and-mental-clouds\/","url":"https:\/\/hemplybalance.com\/no\/cloud-free-capsules-for-fatigue-and-mental-clouds\/","name":"Cloud Free - Capsules for fatigue and mental clouds - Hemply Balance NO","isPartOf":{"@id":"https:\/\/hemplybalance.com\/no\/#website"},"primaryImageOfPage":{"@id":"https:\/\/hemplybalance.com\/no\/cloud-free-capsules-for-fatigue-and-mental-clouds\/#primaryimage"},"image":{"@id":"https:\/\/hemplybalance.com\/no\/cloud-free-capsules-for-fatigue-and-mental-clouds\/#primaryimage"},"thumbnailUrl":"https:\/\/hemplybalance.com\/no\/wp-content\/uploads\/sites\/7\/2022\/12\/Cloud-Free-1.png","datePublished":"2022-05-10T16:13:44+00:00","dateModified":"2023-11-14T13:53:17+00:00","breadcrumb":{"@id":"https:\/\/hemplybalance.com\/no\/cloud-free-capsules-for-fatigue-and-mental-clouds\/#breadcrumb"},"inLanguage":"nb-NO","potentialAction":[{"@type":"ReadAction","target":["https:\/\/hemplybalance.com\/no\/cloud-free-capsules-for-fatigue-and-mental-clouds\/"]}]},{"@type":"ImageObject","inLanguage":"nb-NO","@id":"https:\/\/hemplybalance.com\/no\/cloud-free-capsules-for-fatigue-and-mental-clouds\/#primaryimage","url":"https:\/\/hemplybalance.com\/no\/wp-content\/uploads\/sites\/7\/2022\/12\/Cloud-Free-1.png","contentUrl":"https:\/\/hemplybalance.com\/no\/wp-content\/uploads\/sites\/7\/2022\/12\/Cloud-Free-1.png","width":1400,"height":1500},{"@type":"BreadcrumbList","@id":"https:\/\/hemplybalance.com\/no\/cloud-free-capsules-for-fatigue-and-mental-clouds\/#breadcrumb","itemListElement":[{"@type":"ListItem","position":1,"name":"Produkter","item":"https:\/\/hemplybalance.com\/no\/produkter\/"},{"@type":"ListItem","position":2,"name":"Cloud Free &#8211; Capsules for fatigue and mental clouds"}]},{"@type":"WebSite","@id":"https:\/\/hemplybalance.com\/no\/#website","url":"https:\/\/hemplybalance.com\/no\/","name":"Hemply Balance NO","description":"The missing ingredient","potentialAction":[{"@type":"SearchAction","target":{"@type":"EntryPoint","urlTemplate":"https:\/\/hemplybalance.com\/no\/?s={search_term_string}"},"query-input":{"@type":"PropertyValueSpecification","valueRequired":true,"valueName":"search_term_string"}}],"inLanguage":"nb-NO"}]}},"_links":{"self":[{"href":"https:\/\/hemplybalance.com\/no\/wp-json\/wp\/v2\/product\/7755","targetHints":{"allow":["GET"]}}],"collection":[{"href":"https:\/\/hemplybalance.com\/no\/wp-json\/wp\/v2\/product"}],"about":[{"href":"https:\/\/hemplybalance.com\/no\/wp-json\/wp\/v2\/types\/product"}],"replies":[{"embeddable":true,"href":"https:\/\/hemplybalance.com\/no\/wp-json\/wp\/v2\/comments?post=7755"}],"wp:featuredmedia":[{"embeddable":true,"href":"https:\/\/hemplybalance.com\/no\/wp-json\/wp\/v2\/media\/8030"}],"wp:attachment":[{"href":"https:\/\/hemplybalance.com\/no\/wp-json\/wp\/v2\/media?parent=7755"}],"wp:term":[{"taxonomy":"product_cat","embeddable":true,"href":"https:\/\/hemplybalance.com\/no\/wp-json\/wp\/v2\/product_cat?post=7755"},{"taxonomy":"product_tag","embeddable":true,"href":"https:\/\/hemplybalance.com\/no\/wp-json\/wp\/v2\/product_tag?post=7755"}],"curies":[{"name":"wp","href":"https:\/\/api.w.org\/{rel}","templated":true}]}}