{"id":7692,"date":"2022-02-22T15:00:00","date_gmt":"2022-02-22T13:00:00","guid":{"rendered":"https:\/\/hemplybalance.com\/no\/cbd-capsules-900mg-cannabinoids\/"},"modified":"2024-06-10T12:52:42","modified_gmt":"2024-06-10T10:52:42","slug":"cbd-capsules-900mg-cannabinoids","status":"publish","type":"product","link":"https:\/\/hemplybalance.com\/no\/cbd-capsules-900mg-cannabinoids\/","title":{"rendered":"CBD-kapsler 900mg cannabinoider"},"content":{"rendered":"","protected":false},"excerpt":{"rendered":"<ul>\n<li>Den enkleste m\u00e5ten \u00e5 ta CBD p\u00e5<\/li>\n<li>30mg CBD per kapsel, 900mg per krukke<\/li>\n<li>Ekstra lett absorberes av kroppen<\/li>\n<li>Helt THC-fri<\/li>\n<li>Garantert innhold CBD<\/li>\n<li>Rimelig<\/li>\n<li>Ingen gelatin &#8211; Helt vegansk!<\/li>\n<\/ul>\n","protected":false},"featured_media":8041,"comment_status":"open","ping_status":"closed","template":"","meta":[],"product_cat":[47,91],"product_tag":[],"class_list":{"0":"post-7692","1":"product","2":"type-product","3":"status-publish","4":"has-post-thumbnail","6":"product_cat-hampkapsler","7":"product_cat-kosttilskudd","9":"first","10":"outofstock","11":"sale","12":"taxable","13":"shipping-taxable","14":"purchasable","15":"product-type-simple"},"acf":[],"yoast_head":"<!-- This site is optimized with the Yoast SEO plugin v27.3 - https:\/\/yoast.com\/product\/yoast-seo-wordpress\/ -->\n<title>CBD-kapsler 900mg cannabinoider - Hemply Balance NO<\/title>\n<meta name=\"robots\" content=\"index, follow, max-snippet:-1, max-image-preview:large, max-video-preview:-1\" \/>\n<link rel=\"canonical\" href=\"https:\/\/hemplybalance.com\/no\/cbd-capsules-900mg-cannabinoids\/\" \/>\n<meta property=\"og:locale\" content=\"nb_NO\" \/>\n<meta property=\"og:type\" content=\"article\" \/>\n<meta property=\"og:title\" content=\"CBD-kapsler 900mg cannabinoider - Hemply Balance NO\" \/>\n<meta property=\"og:description\" content=\"Den enkleste m\u00e5ten \u00e5 ta CBD p\u00e5  30mg CBD per kapsel, 900mg per krukke  Ekstra lett absorberes av kroppen  Helt THC-fri  Garantert innhold CBD  Rimelig  Ingen gelatin - Helt vegansk!\" \/>\n<meta property=\"og:url\" content=\"https:\/\/hemplybalance.com\/no\/cbd-capsules-900mg-cannabinoids\/\" \/>\n<meta property=\"og:site_name\" content=\"Hemply Balance NO\" \/>\n<meta property=\"article:modified_time\" content=\"2024-06-10T10:52:42+00:00\" \/>\n<meta property=\"og:image\" content=\"https:\/\/hemplybalance.com\/no\/wp-content\/uploads\/sites\/7\/2022\/12\/cbd-capsules.png\" \/>\n\t<meta property=\"og:image:width\" content=\"1400\" \/>\n\t<meta property=\"og:image:height\" content=\"1500\" \/>\n\t<meta property=\"og:image:type\" content=\"image\/png\" \/>\n<meta name=\"twitter:card\" content=\"summary_large_image\" \/>\n<script type=\"application\/ld+json\" class=\"yoast-schema-graph\">{\"@context\":\"https:\\\/\\\/schema.org\",\"@graph\":[{\"@type\":\"WebPage\",\"@id\":\"https:\\\/\\\/hemplybalance.com\\\/no\\\/cbd-capsules-900mg-cannabinoids\\\/\",\"url\":\"https:\\\/\\\/hemplybalance.com\\\/no\\\/cbd-capsules-900mg-cannabinoids\\\/\",\"name\":\"CBD-kapsler 900mg cannabinoider - Hemply Balance NO\",\"isPartOf\":{\"@id\":\"https:\\\/\\\/hemplybalance.com\\\/no\\\/#website\"},\"primaryImageOfPage\":{\"@id\":\"https:\\\/\\\/hemplybalance.com\\\/no\\\/cbd-capsules-900mg-cannabinoids\\\/#primaryimage\"},\"image\":{\"@id\":\"https:\\\/\\\/hemplybalance.com\\\/no\\\/cbd-capsules-900mg-cannabinoids\\\/#primaryimage\"},\"thumbnailUrl\":\"https:\\\/\\\/hemplybalance.com\\\/no\\\/wp-content\\\/uploads\\\/sites\\\/7\\\/2022\\\/12\\\/cbd-capsules.png\",\"datePublished\":\"2022-02-22T13:00:00+00:00\",\"dateModified\":\"2024-06-10T10:52:42+00:00\",\"breadcrumb\":{\"@id\":\"https:\\\/\\\/hemplybalance.com\\\/no\\\/cbd-capsules-900mg-cannabinoids\\\/#breadcrumb\"},\"inLanguage\":\"nb-NO\",\"potentialAction\":[{\"@type\":\"ReadAction\",\"target\":[\"https:\\\/\\\/hemplybalance.com\\\/no\\\/cbd-capsules-900mg-cannabinoids\\\/\"]}]},{\"@type\":\"ImageObject\",\"inLanguage\":\"nb-NO\",\"@id\":\"https:\\\/\\\/hemplybalance.com\\\/no\\\/cbd-capsules-900mg-cannabinoids\\\/#primaryimage\",\"url\":\"https:\\\/\\\/hemplybalance.com\\\/no\\\/wp-content\\\/uploads\\\/sites\\\/7\\\/2022\\\/12\\\/cbd-capsules.png\",\"contentUrl\":\"https:\\\/\\\/hemplybalance.com\\\/no\\\/wp-content\\\/uploads\\\/sites\\\/7\\\/2022\\\/12\\\/cbd-capsules.png\",\"width\":1400,\"height\":1500},{\"@type\":\"BreadcrumbList\",\"@id\":\"https:\\\/\\\/hemplybalance.com\\\/no\\\/cbd-capsules-900mg-cannabinoids\\\/#breadcrumb\",\"itemListElement\":[{\"@type\":\"ListItem\",\"position\":1,\"name\":\"Produkter\",\"item\":\"https:\\\/\\\/hemplybalance.com\\\/no\\\/produkter\\\/\"},{\"@type\":\"ListItem\",\"position\":2,\"name\":\"CBD-kapsler 900mg cannabinoider\"}]},{\"@type\":\"WebSite\",\"@id\":\"https:\\\/\\\/hemplybalance.com\\\/no\\\/#website\",\"url\":\"https:\\\/\\\/hemplybalance.com\\\/no\\\/\",\"name\":\"Hemply Balance NO\",\"description\":\"The missing ingredient\",\"potentialAction\":[{\"@type\":\"SearchAction\",\"target\":{\"@type\":\"EntryPoint\",\"urlTemplate\":\"https:\\\/\\\/hemplybalance.com\\\/no\\\/?s={search_term_string}\"},\"query-input\":{\"@type\":\"PropertyValueSpecification\",\"valueRequired\":true,\"valueName\":\"search_term_string\"}}],\"inLanguage\":\"nb-NO\"}]}<\/script>\n<!-- \/ Yoast SEO plugin. -->","yoast_head_json":{"title":"CBD-kapsler 900mg cannabinoider - Hemply Balance NO","robots":{"index":"index","follow":"follow","max-snippet":"max-snippet:-1","max-image-preview":"max-image-preview:large","max-video-preview":"max-video-preview:-1"},"canonical":"https:\/\/hemplybalance.com\/no\/cbd-capsules-900mg-cannabinoids\/","og_locale":"nb_NO","og_type":"article","og_title":"CBD-kapsler 900mg cannabinoider - Hemply Balance NO","og_description":"Den enkleste m\u00e5ten \u00e5 ta CBD p\u00e5  30mg CBD per kapsel, 900mg per krukke  Ekstra lett absorberes av kroppen  Helt THC-fri  Garantert innhold CBD  Rimelig  Ingen gelatin - Helt vegansk!","og_url":"https:\/\/hemplybalance.com\/no\/cbd-capsules-900mg-cannabinoids\/","og_site_name":"Hemply Balance NO","article_modified_time":"2024-06-10T10:52:42+00:00","og_image":[{"width":1400,"height":1500,"url":"https:\/\/hemplybalance.com\/no\/wp-content\/uploads\/sites\/7\/2022\/12\/cbd-capsules.png","type":"image\/png"}],"twitter_card":"summary_large_image","schema":{"@context":"https:\/\/schema.org","@graph":[{"@type":"WebPage","@id":"https:\/\/hemplybalance.com\/no\/cbd-capsules-900mg-cannabinoids\/","url":"https:\/\/hemplybalance.com\/no\/cbd-capsules-900mg-cannabinoids\/","name":"CBD-kapsler 900mg cannabinoider - Hemply Balance NO","isPartOf":{"@id":"https:\/\/hemplybalance.com\/no\/#website"},"primaryImageOfPage":{"@id":"https:\/\/hemplybalance.com\/no\/cbd-capsules-900mg-cannabinoids\/#primaryimage"},"image":{"@id":"https:\/\/hemplybalance.com\/no\/cbd-capsules-900mg-cannabinoids\/#primaryimage"},"thumbnailUrl":"https:\/\/hemplybalance.com\/no\/wp-content\/uploads\/sites\/7\/2022\/12\/cbd-capsules.png","datePublished":"2022-02-22T13:00:00+00:00","dateModified":"2024-06-10T10:52:42+00:00","breadcrumb":{"@id":"https:\/\/hemplybalance.com\/no\/cbd-capsules-900mg-cannabinoids\/#breadcrumb"},"inLanguage":"nb-NO","potentialAction":[{"@type":"ReadAction","target":["https:\/\/hemplybalance.com\/no\/cbd-capsules-900mg-cannabinoids\/"]}]},{"@type":"ImageObject","inLanguage":"nb-NO","@id":"https:\/\/hemplybalance.com\/no\/cbd-capsules-900mg-cannabinoids\/#primaryimage","url":"https:\/\/hemplybalance.com\/no\/wp-content\/uploads\/sites\/7\/2022\/12\/cbd-capsules.png","contentUrl":"https:\/\/hemplybalance.com\/no\/wp-content\/uploads\/sites\/7\/2022\/12\/cbd-capsules.png","width":1400,"height":1500},{"@type":"BreadcrumbList","@id":"https:\/\/hemplybalance.com\/no\/cbd-capsules-900mg-cannabinoids\/#breadcrumb","itemListElement":[{"@type":"ListItem","position":1,"name":"Produkter","item":"https:\/\/hemplybalance.com\/no\/produkter\/"},{"@type":"ListItem","position":2,"name":"CBD-kapsler 900mg cannabinoider"}]},{"@type":"WebSite","@id":"https:\/\/hemplybalance.com\/no\/#website","url":"https:\/\/hemplybalance.com\/no\/","name":"Hemply Balance NO","description":"The missing ingredient","potentialAction":[{"@type":"SearchAction","target":{"@type":"EntryPoint","urlTemplate":"https:\/\/hemplybalance.com\/no\/?s={search_term_string}"},"query-input":{"@type":"PropertyValueSpecification","valueRequired":true,"valueName":"search_term_string"}}],"inLanguage":"nb-NO"}]}},"_links":{"self":[{"href":"https:\/\/hemplybalance.com\/no\/wp-json\/wp\/v2\/product\/7692","targetHints":{"allow":["GET"]}}],"collection":[{"href":"https:\/\/hemplybalance.com\/no\/wp-json\/wp\/v2\/product"}],"about":[{"href":"https:\/\/hemplybalance.com\/no\/wp-json\/wp\/v2\/types\/product"}],"replies":[{"embeddable":true,"href":"https:\/\/hemplybalance.com\/no\/wp-json\/wp\/v2\/comments?post=7692"}],"wp:featuredmedia":[{"embeddable":true,"href":"https:\/\/hemplybalance.com\/no\/wp-json\/wp\/v2\/media\/8041"}],"wp:attachment":[{"href":"https:\/\/hemplybalance.com\/no\/wp-json\/wp\/v2\/media?parent=7692"}],"wp:term":[{"taxonomy":"product_cat","embeddable":true,"href":"https:\/\/hemplybalance.com\/no\/wp-json\/wp\/v2\/product_cat?post=7692"},{"taxonomy":"product_tag","embeddable":true,"href":"https:\/\/hemplybalance.com\/no\/wp-json\/wp\/v2\/product_tag?post=7692"}],"curies":[{"name":"wp","href":"https:\/\/api.w.org\/{rel}","templated":true}]}}