{"id":5942,"date":"2021-03-22T21:57:32","date_gmt":"2021-03-22T19:57:32","guid":{"rendered":"https:\/\/hemplybalance.com\/no\/cbd-hemp-oil-15-1500mg-cannabinoids\/"},"modified":"2023-11-14T02:13:54","modified_gmt":"2023-11-14T00:13:54","slug":"hampolje-15-1500mg-cannabinoider","status":"publish","type":"product","link":"https:\/\/hemplybalance.com\/no\/hampolje-15-1500mg-cannabinoider\/","title":{"rendered":"CBD Hampolje 15 % 1500 mg cannabinoider"},"content":{"rendered":"<div class=\"fusion-fullwidth fullwidth-box fusion-builder-row-1 fusion-flex-container nonhundred-percent-fullwidth non-hundred-percent-height-scrolling\" style=\"background-color: rgba(255,255,255,0);background-position: center center;background-repeat: no-repeat;border-width: 0px 0px 0px 0px;border-color:#eae9e9;border-style:solid;\" ><div class=\"fusion-builder-row fusion-row fusion-flex-align-items-flex-start\" style=\"max-width:1248px;margin-left: calc(-4% \/ 2 );margin-right: calc(-4% \/ 2 );\"><div class=\"fusion-layout-column fusion_builder_column fusion-builder-column-0 fusion_builder_column_1_2 1_2 fusion-flex-column\"><div class=\"fusion-column-wrapper fusion-flex-justify-content-flex-start fusion-content-layout-column\" style=\"background-position:left top;background-repeat:no-repeat;-webkit-background-size:cover;-moz-background-size:cover;-o-background-size:cover;background-size:cover;padding: 0px 0px 0px 0px;\"><div style=\"text-align:center;\"><span class=\" fusion-imageframe imageframe-none imageframe-1 hover-type-none\"><img decoding=\"async\" width=\"800\" height=\"533\" title=\"Produktsida-nedre-olja3\" src=\"https:\/\/hemplybalance.com\/no\/wp-content\/uploads\/sites\/7\/2021\/03\/Produktsida-nedre-olja3.jpg\" data-orig-src=\"https:\/\/hemplybalance.com\/wp-content\/uploads\/2021\/03\/Produktsida-nedre-olja3-800x533.jpg\" alt class=\"lazyload img-responsive wp-image-4205\" srcset=\"data:image\/svg+xml,%3Csvg%20xmlns%3D%27http%3A%2F%2Fwww.w3.org%2F2000%2Fsvg%27%20width%3D%271200%27%20height%3D%27800%27%20viewBox%3D%270%200%201200%20800%27%3E%3Crect%20width%3D%271200%27%20height%3D%27800%27%20fill-opacity%3D%220%22%2F%3E%3C%2Fsvg%3E\" data-srcset=\"https:\/\/hemplybalance.com\/no\/wp-content\/uploads\/sites\/7\/2021\/03\/Produktsida-nedre-olja3-200x133.jpg 200w, https:\/\/hemplybalance.com\/no\/wp-content\/uploads\/sites\/7\/2021\/03\/Produktsida-nedre-olja3-400x267.jpg 400w, https:\/\/hemplybalance.com\/no\/wp-content\/uploads\/sites\/7\/2021\/03\/Produktsida-nedre-olja3-600x400.jpg 600w, https:\/\/hemplybalance.com\/no\/wp-content\/uploads\/sites\/7\/2021\/03\/Produktsida-nedre-olja3-800x533.jpg 800w, https:\/\/hemplybalance.com\/no\/wp-content\/uploads\/sites\/7\/2021\/03\/Produktsida-nedre-olja3.jpg 1200w\" data-sizes=\"auto\" data-orig-sizes=\"(max-width: 1024px) 100vw, (max-width: 640px) 100vw, 600px\" \/><\/span><\/div><\/div><style type=\"text\/css\">.fusion-body .fusion-builder-column-0{width:50% !important;margin-top : 20px;margin-bottom : 20px;}.fusion-builder-column-0 > .fusion-column-wrapper {padding-top : 0px !important;padding-right : 0px !important;margin-right : 3.84%;padding-bottom : 0px !important;padding-left : 0px !important;margin-left : 3.84%;}@media only screen and (max-width:1024px) {.fusion-body .fusion-builder-column-0{width:100% !important;order : 0;}.fusion-builder-column-0 > .fusion-column-wrapper {margin-right : 1.92%;margin-left : 1.92%;}}@media only screen and (max-width:640px) {.fusion-body .fusion-builder-column-0{width:100% !important;order : 0;}.fusion-builder-column-0 > .fusion-column-wrapper {margin-right : 1.92%;margin-left : 1.92%;}}<\/style><\/div><div class=\"fusion-layout-column fusion_builder_column fusion-builder-column-1 fusion_builder_column_1_2 1_2 fusion-flex-column fusion-flex-align-self-center\"><div class=\"fusion-column-wrapper fusion-flex-justify-content-flex-start fusion-content-layout-column\" style=\"background-position:left top;background-repeat:no-repeat;-webkit-background-size:cover;-moz-background-size:cover;-o-background-size:cover;background-size:cover;padding: 0px 0px 0px 0px;\"><style type=\"text\/css\">@media only screen and (max-width:1024px) {.fusion-title.fusion-title-1{margin-top:20px!important; margin-right:0px!important;margin-bottom:20px!important;margin-left:0px!important;}}@media only screen and (max-width:640px) {.fusion-title.fusion-title-1{margin-top:20px!important; margin-right:0px!important;margin-bottom:20px!important; margin-left:0px!important;}}<\/style><div class=\"fusion-title title fusion-title-1 fusion-sep-none fusion-title-text fusion-title-size-three\" style=\"font-size:28px;margin-top:20px;margin-right:0px;margin-bottom:20px;margin-left:0px;\"><h3 class=\"title-heading-left fusion-responsive-typography-calculated\" style=\"margin:0;font-size:1em;--fontSize:28;line-height:1.7;\">1500 mg herligheter. Yes please!<\/h3><\/div><div class=\"fusion-text fusion-text-1\"><p>Hampolje 15 % er et perfekt hampprodukt for deg som helst tar en mindre mengde olje, men som vil ha en st\u00f8rre mengde cannabinoider. Eller for deg som har brukt cannabinoider en stund, og som liker en h\u00f8yere konsentrasjon.<\/p>\n<\/div><\/div><style type=\"text\/css\">.fusion-body .fusion-builder-column-1{width:50% !important;margin-top : 20px;margin-bottom : 20px;}.fusion-builder-column-1 > .fusion-column-wrapper {padding-top : 0px !important;padding-right : 0px !important;margin-right : 3.84%;padding-bottom : 0px !important;padding-left : 0px !important;margin-left : 3.84%;}@media only screen and (max-width:1024px) {.fusion-body .fusion-builder-column-1{width:100% !important;order : 0;}.fusion-builder-column-1 > .fusion-column-wrapper {margin-right : 1.92%;margin-left : 1.92%;}}@media only screen and (max-width:640px) {.fusion-body .fusion-builder-column-1{width:100% !important;order : 1;}.fusion-builder-column-1 > .fusion-column-wrapper {margin-right : 1.92%;margin-left : 1.92%;}}<\/style><\/div><div class=\"fusion-layout-column fusion_builder_column fusion-builder-column-2 fusion_builder_column_1_3 1_3 fusion-flex-column fusion-flex-align-self-center\"><div class=\"fusion-column-wrapper fusion-flex-justify-content-flex-start fusion-content-layout-column\" style=\"background-position:left top;background-repeat:no-repeat;-webkit-background-size:cover;-moz-background-size:cover;-o-background-size:cover;background-size:cover;padding: 0px 0px 0px 0px;\"><style type=\"text\/css\">@media only screen and (max-width:1024px) {.fusion-title.fusion-title-2{margin-top:20px!important; margin-right:0px!important;margin-bottom:20px!important;margin-left:0px!important;}}@media only screen and (max-width:640px) {.fusion-title.fusion-title-2{margin-top:20px!important; margin-right:0px!important;margin-bottom:20px!important; margin-left:0px!important;}}<\/style><div class=\"fusion-title title fusion-title-2 fusion-sep-none fusion-title-text fusion-title-size-three\" style=\"font-size:28px;margin-top:20px;margin-right:0px;margin-bottom:20px;margin-left:0px;\"><h3 class=\"title-heading-left fusion-responsive-typography-calculated\" style=\"margin:0;font-size:1em;--fontSize:28;line-height:1.7;\">Vi bruker alltid de aller fineste delene av hampplanten ved fremstilling av dette produktet, som blomster og mindre blader.<\/h3><\/div><div class=\"fusion-text fusion-text-2\"><p>Dette kombinert med den unike ekstraksjonsprosessen v\u00e5r resulterer i en hampolje som er helt uten THC, med et bredt spekter av cannabinoider og terpener. Dessuten er den uten mange mindre velsmakende ting, som klorofyll og un\u00f8dvendige lipider. Som b\u00e6rer bruker vi \u00f8kologisk hampfr\u00f8olje i sin naturlige form. S\u00e5 i tillegg til en velsmakende hampolje fylt med cannabinoider og terpener f\u00e5r du ogs\u00e5 flere essensielle oljer med p\u00e5 kj\u00f8pet.<\/p>\n<\/div><\/div><style type=\"text\/css\">.fusion-body .fusion-builder-column-2{width:33.333333333333% !important;margin-top : 20px;margin-bottom : 20px;}.fusion-builder-column-2 > .fusion-column-wrapper {padding-top : 0px !important;padding-right : 0px !important;margin-right : 3.84%;padding-bottom : 0px !important;padding-left : 0px !important;margin-left : 5.76%;}@media only screen and (max-width:1024px) {.fusion-body .fusion-builder-column-2{width:100% !important;order : 0;}.fusion-builder-column-2 > .fusion-column-wrapper {margin-right : 1.92%;margin-left : 1.92%;}}@media only screen and (max-width:640px) {.fusion-body .fusion-builder-column-2{width:100% !important;order : 3;}.fusion-builder-column-2 > .fusion-column-wrapper {margin-right : 1.92%;margin-left : 1.92%;}}<\/style><\/div><div class=\"fusion-layout-column fusion_builder_column fusion-builder-column-3 fusion_builder_column_2_3 2_3 fusion-flex-column\"><div class=\"fusion-column-wrapper fusion-flex-justify-content-flex-start fusion-content-layout-column\" style=\"background-position:left top;background-repeat:no-repeat;-webkit-background-size:cover;-moz-background-size:cover;-o-background-size:cover;background-size:cover;padding: 0px 0px 0px 0px;\"><div style=\"text-align:center;\"><span class=\" fusion-imageframe imageframe-none imageframe-2 hover-type-none\"><img decoding=\"async\" width=\"800\" height=\"533\" alt=\"CBD Hemp Oil 15% 1,500mg cannabinoids\" title=\"Produktsida-nedre-olja4\" src=\"https:\/\/hemplybalance.com\/no\/wp-content\/uploads\/sites\/7\/2021\/03\/Produktsida-nedre-olja4.jpg\" data-orig-src=\"https:\/\/hemplybalance.com\/wp-content\/uploads\/2021\/03\/Produktsida-nedre-olja4-800x533.jpg\" class=\"lazyload img-responsive wp-image-4206\" srcset=\"data:image\/svg+xml,%3Csvg%20xmlns%3D%27http%3A%2F%2Fwww.w3.org%2F2000%2Fsvg%27%20width%3D%271200%27%20height%3D%27800%27%20viewBox%3D%270%200%201200%20800%27%3E%3Crect%20width%3D%271200%27%20height%3D%27800%27%20fill-opacity%3D%220%22%2F%3E%3C%2Fsvg%3E\" data-srcset=\"https:\/\/hemplybalance.com\/no\/wp-content\/uploads\/sites\/7\/2021\/03\/Produktsida-nedre-olja4-200x133.jpg 200w, https:\/\/hemplybalance.com\/no\/wp-content\/uploads\/sites\/7\/2021\/03\/Produktsida-nedre-olja4-400x267.jpg 400w, https:\/\/hemplybalance.com\/no\/wp-content\/uploads\/sites\/7\/2021\/03\/Produktsida-nedre-olja4-600x400.jpg 600w, https:\/\/hemplybalance.com\/no\/wp-content\/uploads\/sites\/7\/2021\/03\/Produktsida-nedre-olja4-800x533.jpg 800w, https:\/\/hemplybalance.com\/no\/wp-content\/uploads\/sites\/7\/2021\/03\/Produktsida-nedre-olja4.jpg 1200w\" data-sizes=\"auto\" data-orig-sizes=\"(max-width: 1024px) 100vw, (max-width: 640px) 100vw, 800px\" \/><\/span><\/div><\/div><style type=\"text\/css\">.fusion-body .fusion-builder-column-3{width:66.666666666667% !important;margin-top : 20px;margin-bottom : 20px;}.fusion-builder-column-3 > .fusion-column-wrapper {padding-top : 0px !important;padding-right : 0px !important;margin-right : 2.88%;padding-bottom : 0px !important;padding-left : 0px !important;margin-left : 3.84%;}@media only screen and (max-width:1024px) {.fusion-body .fusion-builder-column-3{width:100% !important;order : 0;}.fusion-builder-column-3 > .fusion-column-wrapper {margin-right : 1.92%;margin-left : 1.92%;}}@media only screen and (max-width:640px) {.fusion-body .fusion-builder-column-3{width:100% !important;order : 2;}.fusion-builder-column-3 > .fusion-column-wrapper {margin-right : 1.92%;margin-left : 1.92%;}}<\/style><\/div><\/div><style type=\"text\/css\">.fusion-body .fusion-flex-container.fusion-builder-row-1{ padding-top : 50px;margin-top : 0px;padding-right : 0px;padding-bottom : 0px;margin-bottom : 0px;padding-left : 0px;}<\/style><\/div>\n","protected":false},"excerpt":{"rendered":"<ul>\n<li>Bra for deg som vil ha mye cannabinoider<\/li>\n<li>15 % cannabinoider, 1500 mg per flaske<\/li>\n<li>Helt THC-fri<\/li>\n<li>Garantert innhold av cannabinoider<\/li>\n<li>Bredt spekter av cannabinoider og terpener<\/li>\n<li>Vegansk, glutenfri og non-GMO<\/li>\n<\/ul>\n","protected":false},"featured_media":6290,"comment_status":"open","ping_status":"closed","template":"","meta":[],"product_cat":[28,91],"product_tag":[],"class_list":{"0":"post-5942","1":"product","2":"type-product","3":"status-publish","4":"has-post-thumbnail","6":"product_cat-hampoljer","7":"product_cat-kosttilskudd","9":"first","10":"outofstock","11":"sale","12":"taxable","13":"shipping-taxable","14":"purchasable","15":"product-type-simple"},"acf":[],"yoast_head":"<!-- This site is optimized with the Yoast SEO plugin v27.4 - https:\/\/yoast.com\/product\/yoast-seo-wordpress\/ -->\n<title>Hemply Balance NO - CBD Hampolje 15 % 1500 mg cannabinoider<\/title>\n<meta name=\"robots\" content=\"index, follow, max-snippet:-1, max-image-preview:large, max-video-preview:-1\" \/>\n<link rel=\"canonical\" href=\"https:\/\/hemplybalance.com\/no\/hampolje-15-1500mg-cannabinoider\/\" \/>\n<meta property=\"og:locale\" content=\"nb_NO\" \/>\n<meta property=\"og:type\" content=\"article\" \/>\n<meta property=\"og:title\" content=\"Hemply Balance NO - CBD Hampolje 15 % 1500 mg cannabinoider\" \/>\n<meta property=\"og:description\" content=\"Bra for deg som vil ha mye cannabinoider  15 % cannabinoider, 1500 mg per flaske  Helt THC-fri  Garantert innhold av cannabinoider  Bredt spekter av cannabinoider og terpener  Vegansk, glutenfri og non-GMO\" \/>\n<meta property=\"og:url\" content=\"https:\/\/hemplybalance.com\/no\/hampolje-15-1500mg-cannabinoider\/\" \/>\n<meta property=\"og:site_name\" content=\"Hemply Balance NO\" \/>\n<meta property=\"article:modified_time\" content=\"2023-11-14T00:13:54+00:00\" \/>\n<meta property=\"og:image\" content=\"https:\/\/hemplybalance.com\/no\/wp-content\/uploads\/sites\/7\/2021\/04\/15__gra.png\" \/>\n\t<meta property=\"og:image:width\" content=\"982\" \/>\n\t<meta property=\"og:image:height\" content=\"1164\" \/>\n\t<meta property=\"og:image:type\" content=\"image\/png\" \/>\n<meta name=\"twitter:card\" content=\"summary_large_image\" \/>\n<meta name=\"twitter:label1\" content=\"Ansl. lesetid\" \/>\n\t<meta name=\"twitter:data1\" content=\"6 minutter\" \/>\n<script type=\"application\/ld+json\" class=\"yoast-schema-graph\">{\"@context\":\"https:\\\/\\\/schema.org\",\"@graph\":[{\"@type\":\"WebPage\",\"@id\":\"https:\\\/\\\/hemplybalance.com\\\/no\\\/hampolje-15-1500mg-cannabinoider\\\/\",\"url\":\"https:\\\/\\\/hemplybalance.com\\\/no\\\/hampolje-15-1500mg-cannabinoider\\\/\",\"name\":\"Hemply Balance NO - CBD Hampolje 15 % 1500 mg cannabinoider\",\"isPartOf\":{\"@id\":\"https:\\\/\\\/hemplybalance.com\\\/no\\\/#website\"},\"primaryImageOfPage\":{\"@id\":\"https:\\\/\\\/hemplybalance.com\\\/no\\\/hampolje-15-1500mg-cannabinoider\\\/#primaryimage\"},\"image\":{\"@id\":\"https:\\\/\\\/hemplybalance.com\\\/no\\\/hampolje-15-1500mg-cannabinoider\\\/#primaryimage\"},\"thumbnailUrl\":\"https:\\\/\\\/hemplybalance.com\\\/no\\\/wp-content\\\/uploads\\\/sites\\\/7\\\/2021\\\/04\\\/15__gra.png\",\"datePublished\":\"2021-03-22T19:57:32+00:00\",\"dateModified\":\"2023-11-14T00:13:54+00:00\",\"breadcrumb\":{\"@id\":\"https:\\\/\\\/hemplybalance.com\\\/no\\\/hampolje-15-1500mg-cannabinoider\\\/#breadcrumb\"},\"inLanguage\":\"nb-NO\",\"potentialAction\":[{\"@type\":\"ReadAction\",\"target\":[\"https:\\\/\\\/hemplybalance.com\\\/no\\\/hampolje-15-1500mg-cannabinoider\\\/\"]}]},{\"@type\":\"ImageObject\",\"inLanguage\":\"nb-NO\",\"@id\":\"https:\\\/\\\/hemplybalance.com\\\/no\\\/hampolje-15-1500mg-cannabinoider\\\/#primaryimage\",\"url\":\"https:\\\/\\\/hemplybalance.com\\\/no\\\/wp-content\\\/uploads\\\/sites\\\/7\\\/2021\\\/04\\\/15__gra.png\",\"contentUrl\":\"https:\\\/\\\/hemplybalance.com\\\/no\\\/wp-content\\\/uploads\\\/sites\\\/7\\\/2021\\\/04\\\/15__gra.png\",\"width\":982,\"height\":1164},{\"@type\":\"BreadcrumbList\",\"@id\":\"https:\\\/\\\/hemplybalance.com\\\/no\\\/hampolje-15-1500mg-cannabinoider\\\/#breadcrumb\",\"itemListElement\":[{\"@type\":\"ListItem\",\"position\":1,\"name\":\"Produkter\",\"item\":\"https:\\\/\\\/hemplybalance.com\\\/no\\\/produkter\\\/\"},{\"@type\":\"ListItem\",\"position\":2,\"name\":\"CBD Hampolje 15 % 1500 mg cannabinoider\"}]},{\"@type\":\"WebSite\",\"@id\":\"https:\\\/\\\/hemplybalance.com\\\/no\\\/#website\",\"url\":\"https:\\\/\\\/hemplybalance.com\\\/no\\\/\",\"name\":\"Hemply Balance NO\",\"description\":\"The missing ingredient\",\"potentialAction\":[{\"@type\":\"SearchAction\",\"target\":{\"@type\":\"EntryPoint\",\"urlTemplate\":\"https:\\\/\\\/hemplybalance.com\\\/no\\\/?s={search_term_string}\"},\"query-input\":{\"@type\":\"PropertyValueSpecification\",\"valueRequired\":true,\"valueName\":\"search_term_string\"}}],\"inLanguage\":\"nb-NO\"}]}<\/script>\n<!-- \/ Yoast SEO plugin. -->","yoast_head_json":{"title":"Hemply Balance NO - CBD Hampolje 15 % 1500 mg cannabinoider","robots":{"index":"index","follow":"follow","max-snippet":"max-snippet:-1","max-image-preview":"max-image-preview:large","max-video-preview":"max-video-preview:-1"},"canonical":"https:\/\/hemplybalance.com\/no\/hampolje-15-1500mg-cannabinoider\/","og_locale":"nb_NO","og_type":"article","og_title":"Hemply Balance NO - CBD Hampolje 15 % 1500 mg cannabinoider","og_description":"Bra for deg som vil ha mye cannabinoider  15 % cannabinoider, 1500 mg per flaske  Helt THC-fri  Garantert innhold av cannabinoider  Bredt spekter av cannabinoider og terpener  Vegansk, glutenfri og non-GMO","og_url":"https:\/\/hemplybalance.com\/no\/hampolje-15-1500mg-cannabinoider\/","og_site_name":"Hemply Balance NO","article_modified_time":"2023-11-14T00:13:54+00:00","og_image":[{"width":982,"height":1164,"url":"https:\/\/hemplybalance.com\/no\/wp-content\/uploads\/sites\/7\/2021\/04\/15__gra.png","type":"image\/png"}],"twitter_card":"summary_large_image","twitter_misc":{"Ansl. lesetid":"6 minutter"},"schema":{"@context":"https:\/\/schema.org","@graph":[{"@type":"WebPage","@id":"https:\/\/hemplybalance.com\/no\/hampolje-15-1500mg-cannabinoider\/","url":"https:\/\/hemplybalance.com\/no\/hampolje-15-1500mg-cannabinoider\/","name":"Hemply Balance NO - CBD Hampolje 15 % 1500 mg cannabinoider","isPartOf":{"@id":"https:\/\/hemplybalance.com\/no\/#website"},"primaryImageOfPage":{"@id":"https:\/\/hemplybalance.com\/no\/hampolje-15-1500mg-cannabinoider\/#primaryimage"},"image":{"@id":"https:\/\/hemplybalance.com\/no\/hampolje-15-1500mg-cannabinoider\/#primaryimage"},"thumbnailUrl":"https:\/\/hemplybalance.com\/no\/wp-content\/uploads\/sites\/7\/2021\/04\/15__gra.png","datePublished":"2021-03-22T19:57:32+00:00","dateModified":"2023-11-14T00:13:54+00:00","breadcrumb":{"@id":"https:\/\/hemplybalance.com\/no\/hampolje-15-1500mg-cannabinoider\/#breadcrumb"},"inLanguage":"nb-NO","potentialAction":[{"@type":"ReadAction","target":["https:\/\/hemplybalance.com\/no\/hampolje-15-1500mg-cannabinoider\/"]}]},{"@type":"ImageObject","inLanguage":"nb-NO","@id":"https:\/\/hemplybalance.com\/no\/hampolje-15-1500mg-cannabinoider\/#primaryimage","url":"https:\/\/hemplybalance.com\/no\/wp-content\/uploads\/sites\/7\/2021\/04\/15__gra.png","contentUrl":"https:\/\/hemplybalance.com\/no\/wp-content\/uploads\/sites\/7\/2021\/04\/15__gra.png","width":982,"height":1164},{"@type":"BreadcrumbList","@id":"https:\/\/hemplybalance.com\/no\/hampolje-15-1500mg-cannabinoider\/#breadcrumb","itemListElement":[{"@type":"ListItem","position":1,"name":"Produkter","item":"https:\/\/hemplybalance.com\/no\/produkter\/"},{"@type":"ListItem","position":2,"name":"CBD Hampolje 15 % 1500 mg cannabinoider"}]},{"@type":"WebSite","@id":"https:\/\/hemplybalance.com\/no\/#website","url":"https:\/\/hemplybalance.com\/no\/","name":"Hemply Balance NO","description":"The missing ingredient","potentialAction":[{"@type":"SearchAction","target":{"@type":"EntryPoint","urlTemplate":"https:\/\/hemplybalance.com\/no\/?s={search_term_string}"},"query-input":{"@type":"PropertyValueSpecification","valueRequired":true,"valueName":"search_term_string"}}],"inLanguage":"nb-NO"}]}},"_links":{"self":[{"href":"https:\/\/hemplybalance.com\/no\/wp-json\/wp\/v2\/product\/5942","targetHints":{"allow":["GET"]}}],"collection":[{"href":"https:\/\/hemplybalance.com\/no\/wp-json\/wp\/v2\/product"}],"about":[{"href":"https:\/\/hemplybalance.com\/no\/wp-json\/wp\/v2\/types\/product"}],"replies":[{"embeddable":true,"href":"https:\/\/hemplybalance.com\/no\/wp-json\/wp\/v2\/comments?post=5942"}],"wp:featuredmedia":[{"embeddable":true,"href":"https:\/\/hemplybalance.com\/no\/wp-json\/wp\/v2\/media\/6290"}],"wp:attachment":[{"href":"https:\/\/hemplybalance.com\/no\/wp-json\/wp\/v2\/media?parent=5942"}],"wp:term":[{"taxonomy":"product_cat","embeddable":true,"href":"https:\/\/hemplybalance.com\/no\/wp-json\/wp\/v2\/product_cat?post=5942"},{"taxonomy":"product_tag","embeddable":true,"href":"https:\/\/hemplybalance.com\/no\/wp-json\/wp\/v2\/product_tag?post=5942"}],"curies":[{"name":"wp","href":"https:\/\/api.w.org\/{rel}","templated":true}]}}