{"id":5933,"date":"2021-03-22T21:57:32","date_gmt":"2021-03-22T19:57:32","guid":{"rendered":"https:\/\/hemplybalance.com\/no\/cbd-hemp-oil-7-5-water-soluble-750mg-cannabinoids\/"},"modified":"2026-03-30T23:01:40","modified_gmt":"2026-03-30T21:01:40","slug":"hampolje-7-5-vannloselig-750mg-cannabinoider","status":"publish","type":"product","link":"https:\/\/hemplybalance.com\/no\/hampolje-7-5-vannloselig-750mg-cannabinoider\/","title":{"rendered":"CBD Hampolje 7,5 % vannl\u00f8selig 750 mg cannabinoider"},"content":{"rendered":"<div class=\"fusion-fullwidth fullwidth-box fusion-builder-row-1 fusion-flex-container nonhundred-percent-fullwidth non-hundred-percent-height-scrolling\" style=\"background-color: rgba(255,255,255,0);background-position: center center;background-repeat: no-repeat;border-width: 0px 0px 0px 0px;border-color:#eae9e9;border-style:solid;\" ><div class=\"fusion-builder-row fusion-row fusion-flex-align-items-flex-start\" style=\"max-width:1248px;margin-left: calc(-4% \/ 2 );margin-right: calc(-4% \/ 2 );\"><div class=\"fusion-layout-column fusion_builder_column fusion-builder-column-0 fusion_builder_column_1_3 1_3 fusion-flex-column fusion-flex-align-self-center\"><div class=\"fusion-column-wrapper fusion-flex-justify-content-flex-start fusion-content-layout-column\" style=\"background-position:left top;background-repeat:no-repeat;-webkit-background-size:cover;-moz-background-size:cover;-o-background-size:cover;background-size:cover;padding: 0px 0px 0px 0px;\"><style type=\"text\/css\">@media only screen and (max-width:1024px) {.fusion-title.fusion-title-1{margin-top:20px!important; margin-right:0px!important;margin-bottom:20px!important;margin-left:0px!important;}}@media only screen and (max-width:640px) {.fusion-title.fusion-title-1{margin-top:20px!important; margin-right:0px!important;margin-bottom:20px!important; margin-left:0px!important;}}<\/style><div class=\"fusion-title title fusion-title-1 fusion-sep-none fusion-title-text fusion-title-size-three\" style=\"font-size:28px;margin-top:20px;margin-right:0px;margin-bottom:20px;margin-left:0px;\"><h3 class=\"title-heading-left fusion-responsive-typography-calculated\" style=\"margin:0;font-size:1em;--fontSize:28;line-height:1.7;\">Fremtidens hampolje og virkelig mer pang (cannabinoider og terpener) for pengene. Den er dessuten superenkel \u00e5 bruke. Drypp \u00f8nsket mengde dr\u00e5per i valgfri drikke, rist\/r\u00f8r om og drikk \u2013 ferdig!<\/h3><\/div><\/div><style type=\"text\/css\">.fusion-body .fusion-builder-column-0{width:33.333333333333% !important;margin-top : 20px;margin-bottom : 20px;}.fusion-builder-column-0 > .fusion-column-wrapper {padding-top : 0px !important;padding-right : 0px !important;margin-right : 5.76%;padding-bottom : 0px !important;padding-left : 0px !important;margin-left : 5.76%;}@media only screen and (max-width:1024px) {.fusion-body .fusion-builder-column-0{width:100% !important;order : 0;}.fusion-builder-column-0 > .fusion-column-wrapper {margin-right : 1.92%;margin-left : 1.92%;}}@media only screen and (max-width:640px) {.fusion-body .fusion-builder-column-0{width:100% !important;order : 1;}.fusion-builder-column-0 > .fusion-column-wrapper {margin-right : 1.92%;margin-left : 1.92%;}}<\/style><\/div><div class=\"fusion-layout-column fusion_builder_column fusion-builder-column-1 fusion_builder_column_2_3 2_3 fusion-flex-column fusion-flex-align-self-center\"><div class=\"fusion-column-wrapper fusion-flex-justify-content-flex-start fusion-content-layout-column\" style=\"background-position:left top;background-repeat:no-repeat;-webkit-background-size:cover;-moz-background-size:cover;-o-background-size:cover;background-size:cover;padding: 0px 0px 0px 0px;\"><div style=\"text-align:center;\"><span class=\" fusion-imageframe imageframe-none imageframe-1 hover-type-none\"><img decoding=\"async\" width=\"1024\" height=\"683\" title=\"Produktsida-nedre-v-olja2-1024&#215;683\" src=\"https:\/\/hemplybalance.com\/no\/wp-content\/uploads\/sites\/7\/2021\/03\/Produktsida-nedre-v-olja2-1024x683-1.jpg\" data-orig-src=\"https:\/\/hemplybalance.com\/wp-content\/uploads\/2021\/03\/Produktsida-nedre-v-olja2-1024x683-1.jpg\" alt class=\"lazyload img-responsive wp-image-4246\" srcset=\"data:image\/svg+xml,%3Csvg%20xmlns%3D%27http%3A%2F%2Fwww.w3.org%2F2000%2Fsvg%27%20width%3D%271024%27%20height%3D%27683%27%20viewBox%3D%270%200%201024%20683%27%3E%3Crect%20width%3D%271024%27%20height%3D%27683%27%20fill-opacity%3D%220%22%2F%3E%3C%2Fsvg%3E\" data-srcset=\"https:\/\/hemplybalance.com\/no\/wp-content\/uploads\/sites\/7\/2021\/03\/Produktsida-nedre-v-olja2-1024x683-1-200x133.jpg 200w, https:\/\/hemplybalance.com\/no\/wp-content\/uploads\/sites\/7\/2021\/03\/Produktsida-nedre-v-olja2-1024x683-1-400x267.jpg 400w, https:\/\/hemplybalance.com\/no\/wp-content\/uploads\/sites\/7\/2021\/03\/Produktsida-nedre-v-olja2-1024x683-1-600x400.jpg 600w, https:\/\/hemplybalance.com\/no\/wp-content\/uploads\/sites\/7\/2021\/03\/Produktsida-nedre-v-olja2-1024x683-1-800x534.jpg 800w, https:\/\/hemplybalance.com\/no\/wp-content\/uploads\/sites\/7\/2021\/03\/Produktsida-nedre-v-olja2-1024x683-1.jpg 1024w\" data-sizes=\"auto\" data-orig-sizes=\"(max-width: 1024px) 100vw, (max-width: 640px) 100vw, 800px\" \/><\/span><\/div><\/div><style type=\"text\/css\">.fusion-body .fusion-builder-column-1{width:66.666666666667% !important;margin-top : 20px;margin-bottom : 20px;}.fusion-builder-column-1 > .fusion-column-wrapper {padding-top : 0px !important;padding-right : 0px !important;margin-right : 2.88%;padding-bottom : 0px !important;padding-left : 0px !important;margin-left : 2.88%;}@media only screen and (max-width:1024px) {.fusion-body .fusion-builder-column-1{width:100% !important;order : 0;}.fusion-builder-column-1 > .fusion-column-wrapper {margin-right : 1.92%;margin-left : 1.92%;}}@media only screen and (max-width:640px) {.fusion-body .fusion-builder-column-1{width:100% !important;order : 0;}.fusion-builder-column-1 > .fusion-column-wrapper {margin-right : 1.92%;margin-left : 1.92%;}}<\/style><\/div><div class=\"fusion-layout-column fusion_builder_column fusion-builder-column-2 fusion_builder_column_1_2 1_2 fusion-flex-column fusion-flex-align-self-center\"><div class=\"fusion-column-wrapper fusion-flex-justify-content-flex-start fusion-content-layout-column\" style=\"background-position:left top;background-repeat:no-repeat;-webkit-background-size:cover;-moz-background-size:cover;-o-background-size:cover;background-size:cover;padding: 0px 0px 0px 0px;\"><div style=\"text-align:center;\"><span class=\" fusion-imageframe imageframe-none imageframe-2 hover-type-none\"><img decoding=\"async\" width=\"800\" height=\"534\" alt=\"CBD Hemp Oil 7.5% water soluble 750mg cannabinoids\" title=\"Produktsida-nedre-v-olja1-1024&#215;683\" src=\"https:\/\/hemplybalance.com\/no\/wp-content\/uploads\/sites\/7\/2021\/03\/Produktsida-nedre-v-olja1-1024x683-1.jpg\" data-orig-src=\"https:\/\/hemplybalance.com\/wp-content\/uploads\/2021\/03\/Produktsida-nedre-v-olja1-1024x683-1-800x534.jpg\" class=\"lazyload img-responsive wp-image-5085\" srcset=\"data:image\/svg+xml,%3Csvg%20xmlns%3D%27http%3A%2F%2Fwww.w3.org%2F2000%2Fsvg%27%20width%3D%271024%27%20height%3D%27683%27%20viewBox%3D%270%200%201024%20683%27%3E%3Crect%20width%3D%271024%27%20height%3D%27683%27%20fill-opacity%3D%220%22%2F%3E%3C%2Fsvg%3E\" data-srcset=\"https:\/\/hemplybalance.com\/no\/wp-content\/uploads\/sites\/7\/2021\/03\/Produktsida-nedre-v-olja1-1024x683-1-200x133.jpg 200w, https:\/\/hemplybalance.com\/no\/wp-content\/uploads\/sites\/7\/2021\/03\/Produktsida-nedre-v-olja1-1024x683-1-400x267.jpg 400w, https:\/\/hemplybalance.com\/no\/wp-content\/uploads\/sites\/7\/2021\/03\/Produktsida-nedre-v-olja1-1024x683-1-600x400.jpg 600w, https:\/\/hemplybalance.com\/no\/wp-content\/uploads\/sites\/7\/2021\/03\/Produktsida-nedre-v-olja1-1024x683-1-800x534.jpg 800w, https:\/\/hemplybalance.com\/no\/wp-content\/uploads\/sites\/7\/2021\/03\/Produktsida-nedre-v-olja1-1024x683-1.jpg 1024w\" data-sizes=\"auto\" data-orig-sizes=\"(max-width: 1024px) 100vw, (max-width: 640px) 100vw, 600px\" \/><\/span><\/div><\/div><style type=\"text\/css\">.fusion-body .fusion-builder-column-2{width:50% !important;margin-top : 20px;margin-bottom : 20px;}.fusion-builder-column-2 > .fusion-column-wrapper {padding-top : 0px !important;padding-right : 0px !important;margin-right : 3.84%;padding-bottom : 0px !important;padding-left : 0px !important;margin-left : 3.84%;}@media only screen and (max-width:1024px) {.fusion-body .fusion-builder-column-2{width:100% !important;order : 0;}.fusion-builder-column-2 > .fusion-column-wrapper {margin-right : 1.92%;margin-left : 1.92%;}}@media only screen and (max-width:640px) {.fusion-body .fusion-builder-column-2{width:100% !important;order : 2;}.fusion-builder-column-2 > .fusion-column-wrapper {margin-right : 1.92%;margin-left : 1.92%;}}<\/style><\/div><div class=\"fusion-layout-column fusion_builder_column fusion-builder-column-3 fusion_builder_column_1_2 1_2 fusion-flex-column fusion-flex-align-self-center\"><div class=\"fusion-column-wrapper fusion-flex-justify-content-flex-start fusion-content-layout-column\" style=\"background-position:left top;background-repeat:no-repeat;-webkit-background-size:cover;-moz-background-size:cover;-o-background-size:cover;background-size:cover;padding: 0px 0px 0px 0px;\"><style type=\"text\/css\">@media only screen and (max-width:1024px) {.fusion-title.fusion-title-2{margin-top:20px!important; margin-right:0px!important;margin-bottom:20px!important;margin-left:0px!important;}}@media only screen and (max-width:640px) {.fusion-title.fusion-title-2{margin-top:20px!important; margin-right:0px!important;margin-bottom:20px!important; margin-left:0px!important;}}<\/style><div class=\"fusion-title title fusion-title-2 fusion-sep-none fusion-title-text fusion-title-size-three\" style=\"font-size:28px;margin-top:20px;margin-right:0px;margin-bottom:20px;margin-left:0px;\"><h3 class=\"title-heading-left fusion-responsive-typography-calculated\" style=\"margin:0;font-size:1em;--fontSize:28;line-height:1.7;\">Ved fremstilling av dette og alle andre vannl\u00f8selige produkter brukes en unik metode som gj\u00f8r at cannabinoidene (blant annet CBD) tas lettere og raskere opp i kroppen.<\/h3><\/div><div class=\"fusion-text fusion-text-1\"><p>Dette er vi helt alene om i Europa. Vi bruker alltid de aller fineste delene av hampplanten ved fremstilling av dette produktet, som blomster og mindre blader. Dette i kombinasjon med den unike ekstraksjonsprosessen v\u00e5r resulterer i en hampolje som er helt fri for THC, med et bredt spekter av cannabinoider og terpener. Og som dessuten er ekstra lettopptakelige og l\u00f8selige i alle drikker livet har \u00e5 tilby. De fleste andre vannl\u00f8selige hampprodukter p\u00e5 markedet best\u00e5r dessverre kun av isolerte CBD-krystaller. Man f\u00e5r i seg en del cannabidiol (CBD), men mister resten av de n\u00f8dvendige cannabinoidene og terpenene.<\/p>\n<\/div><\/div><style type=\"text\/css\">.fusion-body .fusion-builder-column-3{width:50% !important;margin-top : 20px;margin-bottom : 20px;}.fusion-builder-column-3 > .fusion-column-wrapper {padding-top : 0px !important;padding-right : 0px !important;margin-right : 3.84%;padding-bottom : 0px !important;padding-left : 0px !important;margin-left : 3.84%;}@media only screen and (max-width:1024px) {.fusion-body .fusion-builder-column-3{width:100% !important;order : 0;}.fusion-builder-column-3 > .fusion-column-wrapper {margin-right : 1.92%;margin-left : 1.92%;}}@media only screen and (max-width:640px) {.fusion-body .fusion-builder-column-3{width:100% !important;order : 3;}.fusion-builder-column-3 > .fusion-column-wrapper {margin-right : 1.92%;margin-left : 1.92%;}}<\/style><\/div><\/div><style type=\"text\/css\">.fusion-body .fusion-flex-container.fusion-builder-row-1{ padding-top : 50px;margin-top : 0px;padding-right : 0px;padding-bottom : 0px;margin-bottom : 0px;padding-left : 0px;}<\/style><\/div>\n","protected":false},"excerpt":{"rendered":"<ul>\n<li>Vannl\u00f8selige cannabinoider, perfekt \u00e5 blande ut i drikke<\/li>\n<li>Tas raskt opp av kroppen<\/li>\n<li>7,5 % cannabinoider, 750 mg per flaske<\/li>\n<li>Helt THC-fri<\/li>\n<li>Garantert innhold av cannabinoider<\/li>\n<li>Bredt spekter av cannabinoider og terpener<\/li>\n<li>Vegansk, glutenfri og non-GMO<\/li>\n<\/ul>\n","protected":false},"featured_media":6289,"comment_status":"open","ping_status":"closed","template":"","meta":[],"product_cat":[28,91],"product_tag":[],"class_list":{"0":"post-5933","1":"product","2":"type-product","3":"status-publish","4":"has-post-thumbnail","6":"product_cat-hampoljer","7":"product_cat-kosttilskudd","9":"first","10":"outofstock","11":"sale","12":"taxable","13":"shipping-taxable","14":"purchasable","15":"product-type-simple"},"acf":[],"yoast_head":"<!-- This site is optimized with the Yoast SEO plugin v27.3 - https:\/\/yoast.com\/product\/yoast-seo-wordpress\/ -->\n<title>Hemply Balance NO - CBD Hampolje 7,5 % vannl\u00f8selig 750 mg cannabinoider<\/title>\n<meta name=\"description\" content=\"Framtidens hampaolja \u00e4r vattenl\u00f6slig och genom v\u00e5r unika framst\u00e4llningsmetod extra l\u00e4ttupptaglig i kroppen. Det betyder valuta f\u00f6r varenda droppe.\" \/>\n<meta name=\"robots\" content=\"index, follow, max-snippet:-1, max-image-preview:large, max-video-preview:-1\" \/>\n<link rel=\"canonical\" href=\"https:\/\/hemplybalance.com\/no\/hampolje-7-5-vannloselig-750mg-cannabinoider\/\" \/>\n<meta property=\"og:locale\" content=\"nb_NO\" \/>\n<meta property=\"og:type\" content=\"article\" \/>\n<meta property=\"og:title\" content=\"Hemply Balance NO - CBD Hampolje 7,5 % vannl\u00f8selig 750 mg cannabinoider\" \/>\n<meta property=\"og:description\" content=\"Framtidens hampaolja \u00e4r vattenl\u00f6slig och genom v\u00e5r unika framst\u00e4llningsmetod extra l\u00e4ttupptaglig i kroppen. Det betyder valuta f\u00f6r varenda droppe.\" \/>\n<meta property=\"og:url\" content=\"https:\/\/hemplybalance.com\/no\/hampolje-7-5-vannloselig-750mg-cannabinoider\/\" \/>\n<meta property=\"og:site_name\" content=\"Hemply Balance NO\" \/>\n<meta property=\"article:modified_time\" content=\"2026-03-30T21:01:40+00:00\" \/>\n<meta property=\"og:image\" content=\"https:\/\/hemplybalance.com\/no\/wp-content\/uploads\/sites\/7\/2021\/04\/75__gra.png\" \/>\n\t<meta property=\"og:image:width\" content=\"982\" \/>\n\t<meta property=\"og:image:height\" content=\"1164\" \/>\n\t<meta property=\"og:image:type\" content=\"image\/png\" \/>\n<meta name=\"twitter:card\" content=\"summary_large_image\" \/>\n<meta name=\"twitter:label1\" content=\"Ansl. lesetid\" \/>\n\t<meta name=\"twitter:data1\" content=\"6 minutter\" \/>\n<script type=\"application\/ld+json\" class=\"yoast-schema-graph\">{\"@context\":\"https:\\\/\\\/schema.org\",\"@graph\":[{\"@type\":\"WebPage\",\"@id\":\"https:\\\/\\\/hemplybalance.com\\\/no\\\/hampolje-7-5-vannloselig-750mg-cannabinoider\\\/\",\"url\":\"https:\\\/\\\/hemplybalance.com\\\/no\\\/hampolje-7-5-vannloselig-750mg-cannabinoider\\\/\",\"name\":\"Hemply Balance NO - CBD Hampolje 7,5 % vannl\u00f8selig 750 mg cannabinoider\",\"isPartOf\":{\"@id\":\"https:\\\/\\\/hemplybalance.com\\\/no\\\/#website\"},\"primaryImageOfPage\":{\"@id\":\"https:\\\/\\\/hemplybalance.com\\\/no\\\/hampolje-7-5-vannloselig-750mg-cannabinoider\\\/#primaryimage\"},\"image\":{\"@id\":\"https:\\\/\\\/hemplybalance.com\\\/no\\\/hampolje-7-5-vannloselig-750mg-cannabinoider\\\/#primaryimage\"},\"thumbnailUrl\":\"https:\\\/\\\/hemplybalance.com\\\/no\\\/wp-content\\\/uploads\\\/sites\\\/7\\\/2021\\\/04\\\/75__gra.png\",\"datePublished\":\"2021-03-22T19:57:32+00:00\",\"dateModified\":\"2026-03-30T21:01:40+00:00\",\"description\":\"Framtidens hampaolja \u00e4r vattenl\u00f6slig och genom v\u00e5r unika framst\u00e4llningsmetod extra l\u00e4ttupptaglig i kroppen. Det betyder valuta f\u00f6r varenda droppe.\",\"breadcrumb\":{\"@id\":\"https:\\\/\\\/hemplybalance.com\\\/no\\\/hampolje-7-5-vannloselig-750mg-cannabinoider\\\/#breadcrumb\"},\"inLanguage\":\"nb-NO\",\"potentialAction\":[{\"@type\":\"ReadAction\",\"target\":[\"https:\\\/\\\/hemplybalance.com\\\/no\\\/hampolje-7-5-vannloselig-750mg-cannabinoider\\\/\"]}]},{\"@type\":\"ImageObject\",\"inLanguage\":\"nb-NO\",\"@id\":\"https:\\\/\\\/hemplybalance.com\\\/no\\\/hampolje-7-5-vannloselig-750mg-cannabinoider\\\/#primaryimage\",\"url\":\"https:\\\/\\\/hemplybalance.com\\\/no\\\/wp-content\\\/uploads\\\/sites\\\/7\\\/2021\\\/04\\\/75__gra.png\",\"contentUrl\":\"https:\\\/\\\/hemplybalance.com\\\/no\\\/wp-content\\\/uploads\\\/sites\\\/7\\\/2021\\\/04\\\/75__gra.png\",\"width\":982,\"height\":1164},{\"@type\":\"BreadcrumbList\",\"@id\":\"https:\\\/\\\/hemplybalance.com\\\/no\\\/hampolje-7-5-vannloselig-750mg-cannabinoider\\\/#breadcrumb\",\"itemListElement\":[{\"@type\":\"ListItem\",\"position\":1,\"name\":\"Produkter\",\"item\":\"https:\\\/\\\/hemplybalance.com\\\/no\\\/produkter\\\/\"},{\"@type\":\"ListItem\",\"position\":2,\"name\":\"CBD Hampolje 7,5 % vannl\u00f8selig 750 mg cannabinoider\"}]},{\"@type\":\"WebSite\",\"@id\":\"https:\\\/\\\/hemplybalance.com\\\/no\\\/#website\",\"url\":\"https:\\\/\\\/hemplybalance.com\\\/no\\\/\",\"name\":\"Hemply Balance NO\",\"description\":\"The missing ingredient\",\"potentialAction\":[{\"@type\":\"SearchAction\",\"target\":{\"@type\":\"EntryPoint\",\"urlTemplate\":\"https:\\\/\\\/hemplybalance.com\\\/no\\\/?s={search_term_string}\"},\"query-input\":{\"@type\":\"PropertyValueSpecification\",\"valueRequired\":true,\"valueName\":\"search_term_string\"}}],\"inLanguage\":\"nb-NO\"}]}<\/script>\n<!-- \/ Yoast SEO plugin. -->","yoast_head_json":{"title":"Hemply Balance NO - CBD Hampolje 7,5 % vannl\u00f8selig 750 mg cannabinoider","description":"Framtidens hampaolja \u00e4r vattenl\u00f6slig och genom v\u00e5r unika framst\u00e4llningsmetod extra l\u00e4ttupptaglig i kroppen. Det betyder valuta f\u00f6r varenda droppe.","robots":{"index":"index","follow":"follow","max-snippet":"max-snippet:-1","max-image-preview":"max-image-preview:large","max-video-preview":"max-video-preview:-1"},"canonical":"https:\/\/hemplybalance.com\/no\/hampolje-7-5-vannloselig-750mg-cannabinoider\/","og_locale":"nb_NO","og_type":"article","og_title":"Hemply Balance NO - CBD Hampolje 7,5 % vannl\u00f8selig 750 mg cannabinoider","og_description":"Framtidens hampaolja \u00e4r vattenl\u00f6slig och genom v\u00e5r unika framst\u00e4llningsmetod extra l\u00e4ttupptaglig i kroppen. Det betyder valuta f\u00f6r varenda droppe.","og_url":"https:\/\/hemplybalance.com\/no\/hampolje-7-5-vannloselig-750mg-cannabinoider\/","og_site_name":"Hemply Balance NO","article_modified_time":"2026-03-30T21:01:40+00:00","og_image":[{"width":982,"height":1164,"url":"https:\/\/hemplybalance.com\/no\/wp-content\/uploads\/sites\/7\/2021\/04\/75__gra.png","type":"image\/png"}],"twitter_card":"summary_large_image","twitter_misc":{"Ansl. lesetid":"6 minutter"},"schema":{"@context":"https:\/\/schema.org","@graph":[{"@type":"WebPage","@id":"https:\/\/hemplybalance.com\/no\/hampolje-7-5-vannloselig-750mg-cannabinoider\/","url":"https:\/\/hemplybalance.com\/no\/hampolje-7-5-vannloselig-750mg-cannabinoider\/","name":"Hemply Balance NO - CBD Hampolje 7,5 % vannl\u00f8selig 750 mg cannabinoider","isPartOf":{"@id":"https:\/\/hemplybalance.com\/no\/#website"},"primaryImageOfPage":{"@id":"https:\/\/hemplybalance.com\/no\/hampolje-7-5-vannloselig-750mg-cannabinoider\/#primaryimage"},"image":{"@id":"https:\/\/hemplybalance.com\/no\/hampolje-7-5-vannloselig-750mg-cannabinoider\/#primaryimage"},"thumbnailUrl":"https:\/\/hemplybalance.com\/no\/wp-content\/uploads\/sites\/7\/2021\/04\/75__gra.png","datePublished":"2021-03-22T19:57:32+00:00","dateModified":"2026-03-30T21:01:40+00:00","description":"Framtidens hampaolja \u00e4r vattenl\u00f6slig och genom v\u00e5r unika framst\u00e4llningsmetod extra l\u00e4ttupptaglig i kroppen. Det betyder valuta f\u00f6r varenda droppe.","breadcrumb":{"@id":"https:\/\/hemplybalance.com\/no\/hampolje-7-5-vannloselig-750mg-cannabinoider\/#breadcrumb"},"inLanguage":"nb-NO","potentialAction":[{"@type":"ReadAction","target":["https:\/\/hemplybalance.com\/no\/hampolje-7-5-vannloselig-750mg-cannabinoider\/"]}]},{"@type":"ImageObject","inLanguage":"nb-NO","@id":"https:\/\/hemplybalance.com\/no\/hampolje-7-5-vannloselig-750mg-cannabinoider\/#primaryimage","url":"https:\/\/hemplybalance.com\/no\/wp-content\/uploads\/sites\/7\/2021\/04\/75__gra.png","contentUrl":"https:\/\/hemplybalance.com\/no\/wp-content\/uploads\/sites\/7\/2021\/04\/75__gra.png","width":982,"height":1164},{"@type":"BreadcrumbList","@id":"https:\/\/hemplybalance.com\/no\/hampolje-7-5-vannloselig-750mg-cannabinoider\/#breadcrumb","itemListElement":[{"@type":"ListItem","position":1,"name":"Produkter","item":"https:\/\/hemplybalance.com\/no\/produkter\/"},{"@type":"ListItem","position":2,"name":"CBD Hampolje 7,5 % vannl\u00f8selig 750 mg cannabinoider"}]},{"@type":"WebSite","@id":"https:\/\/hemplybalance.com\/no\/#website","url":"https:\/\/hemplybalance.com\/no\/","name":"Hemply Balance NO","description":"The missing ingredient","potentialAction":[{"@type":"SearchAction","target":{"@type":"EntryPoint","urlTemplate":"https:\/\/hemplybalance.com\/no\/?s={search_term_string}"},"query-input":{"@type":"PropertyValueSpecification","valueRequired":true,"valueName":"search_term_string"}}],"inLanguage":"nb-NO"}]}},"_links":{"self":[{"href":"https:\/\/hemplybalance.com\/no\/wp-json\/wp\/v2\/product\/5933","targetHints":{"allow":["GET"]}}],"collection":[{"href":"https:\/\/hemplybalance.com\/no\/wp-json\/wp\/v2\/product"}],"about":[{"href":"https:\/\/hemplybalance.com\/no\/wp-json\/wp\/v2\/types\/product"}],"replies":[{"embeddable":true,"href":"https:\/\/hemplybalance.com\/no\/wp-json\/wp\/v2\/comments?post=5933"}],"wp:featuredmedia":[{"embeddable":true,"href":"https:\/\/hemplybalance.com\/no\/wp-json\/wp\/v2\/media\/6289"}],"wp:attachment":[{"href":"https:\/\/hemplybalance.com\/no\/wp-json\/wp\/v2\/media?parent=5933"}],"wp:term":[{"taxonomy":"product_cat","embeddable":true,"href":"https:\/\/hemplybalance.com\/no\/wp-json\/wp\/v2\/product_cat?post=5933"},{"taxonomy":"product_tag","embeddable":true,"href":"https:\/\/hemplybalance.com\/no\/wp-json\/wp\/v2\/product_tag?post=5933"}],"curies":[{"name":"wp","href":"https:\/\/api.w.org\/{rel}","templated":true}]}}